{"id":8087,"date":"2020-07-16T12:47:47","date_gmt":"2020-07-16T12:47:47","guid":{"rendered":"https:\/\/www.e-guma.ch\/fr\/qui-sommes-nous\/telechargements\/"},"modified":"2025-10-16T11:05:04","modified_gmt":"2025-10-16T09:05:04","slug":"telechargements","status":"publish","type":"page","link":"https:\/\/www.e-guma.ch\/fr\/a-propos-de-nous\/telechargements\/","title":{"rendered":"T\u00e9l\u00e9chargements"},"content":{"rendered":"\n<div class=\"wp-block-eguma-hero-header c-hero-wrapper is-style-small\"><div class=\"c-hero-header\"><img decoding=\"async\" alt=\"e-guma Header Blog\" src=\"https:\/\/www.e-guma.ch\/fr\/wp-content\/uploads\/2020\/04\/eguma_blog.jpg\" srcset=\"https:\/\/eguma-wp.imgix.net\/https%3A%2F%2Fwww.e-guma.ch%2Ffr%2Fwp-content%2Fuploads%2F2020%2F04%2Feguma_blog.jpg?ixlib=js-2.3.2&amp;auto=format&amp;w=100&amp;s=0aff416865e65ceeaa3ba7d5523bb352 100w,\nhttps:\/\/eguma-wp.imgix.net\/https%3A%2F%2Fwww.e-guma.ch%2Ffr%2Fwp-content%2Fuploads%2F2020%2F04%2Feguma_blog.jpg?ixlib=js-2.3.2&amp;auto=format&amp;w=116&amp;s=ff508832596a25dee9fbdf4dcfd40ddd 116w,\nhttps:\/\/eguma-wp.imgix.net\/https%3A%2F%2Fwww.e-guma.ch%2Ffr%2Fwp-content%2Fuploads%2F2020%2F04%2Feguma_blog.jpg?ixlib=js-2.3.2&amp;auto=format&amp;w=134&amp;s=136613c4ed80173cf45806878646495c 134w,\nhttps:\/\/eguma-wp.imgix.net\/https%3A%2F%2Fwww.e-guma.ch%2Ffr%2Fwp-content%2Fuploads%2F2020%2F04%2Feguma_blog.jpg?ixlib=js-2.3.2&amp;auto=format&amp;w=156&amp;s=56cdd5ef0f863ea534a7320c6367ec68 156w,\nhttps:\/\/eguma-wp.imgix.net\/https%3A%2F%2Fwww.e-guma.ch%2Ffr%2Fwp-content%2Fuploads%2F2020%2F04%2Feguma_blog.jpg?ixlib=js-2.3.2&amp;auto=format&amp;w=182&amp;s=86fb8d699d4c1702efa02e22aa3c4298 182w,\nhttps:\/\/eguma-wp.imgix.net\/https%3A%2F%2Fwww.e-guma.ch%2Ffr%2Fwp-content%2Fuploads%2F2020%2F04%2Feguma_blog.jpg?ixlib=js-2.3.2&amp;auto=format&amp;w=210&amp;s=0f48517d293227ca6dc94523333277fa 210w,\nhttps:\/\/eguma-wp.imgix.net\/https%3A%2F%2Fwww.e-guma.ch%2Ffr%2Fwp-content%2Fuploads%2F2020%2F04%2Feguma_blog.jpg?ixlib=js-2.3.2&amp;auto=format&amp;w=244&amp;s=a7a1191d7fe3db4c9ea5b4d60938859c 244w,\nhttps:\/\/eguma-wp.imgix.net\/https%3A%2F%2Fwww.e-guma.ch%2Ffr%2Fwp-content%2Fuploads%2F2020%2F04%2Feguma_blog.jpg?ixlib=js-2.3.2&amp;auto=format&amp;w=282&amp;s=c16462add4b7da3dced729fa7ca08eb2 282w,\nhttps:\/\/eguma-wp.imgix.net\/https%3A%2F%2Fwww.e-guma.ch%2Ffr%2Fwp-content%2Fuploads%2F2020%2F04%2Feguma_blog.jpg?ixlib=js-2.3.2&amp;auto=format&amp;w=328&amp;s=2fcc30a14048ca43bf3eb780f53fc3e7 328w,\nhttps:\/\/eguma-wp.imgix.net\/https%3A%2F%2Fwww.e-guma.ch%2Ffr%2Fwp-content%2Fuploads%2F2020%2F04%2Feguma_blog.jpg?ixlib=js-2.3.2&amp;auto=format&amp;w=380&amp;s=65bcbad840e4c7f26912be3b69217110 380w,\nhttps:\/\/eguma-wp.imgix.net\/https%3A%2F%2Fwww.e-guma.ch%2Ffr%2Fwp-content%2Fuploads%2F2020%2F04%2Feguma_blog.jpg?ixlib=js-2.3.2&amp;auto=format&amp;w=442&amp;s=f46061c52148f626238c7a8c2ca3e73e 442w,\nhttps:\/\/eguma-wp.imgix.net\/https%3A%2F%2Fwww.e-guma.ch%2Ffr%2Fwp-content%2Fuploads%2F2020%2F04%2Feguma_blog.jpg?ixlib=js-2.3.2&amp;auto=format&amp;w=512&amp;s=08a49abf45cf1a32e45f1916b11bdf18 512w,\nhttps:\/\/eguma-wp.imgix.net\/https%3A%2F%2Fwww.e-guma.ch%2Ffr%2Fwp-content%2Fuploads%2F2020%2F04%2Feguma_blog.jpg?ixlib=js-2.3.2&amp;auto=format&amp;w=594&amp;s=39ad1f43e12102f9f87306133141743d 594w,\nhttps:\/\/eguma-wp.imgix.net\/https%3A%2F%2Fwww.e-guma.ch%2Ffr%2Fwp-content%2Fuploads%2F2020%2F04%2Feguma_blog.jpg?ixlib=js-2.3.2&amp;auto=format&amp;w=688&amp;s=1872440ab46e6ab3c9586885341d1ef5 688w,\nhttps:\/\/eguma-wp.imgix.net\/https%3A%2F%2Fwww.e-guma.ch%2Ffr%2Fwp-content%2Fuploads%2F2020%2F04%2Feguma_blog.jpg?ixlib=js-2.3.2&amp;auto=format&amp;w=798&amp;s=76c0b664d505568cf1fbcf40e0c82ebb 798w,\nhttps:\/\/eguma-wp.imgix.net\/https%3A%2F%2Fwww.e-guma.ch%2Ffr%2Fwp-content%2Fuploads%2F2020%2F04%2Feguma_blog.jpg?ixlib=js-2.3.2&amp;auto=format&amp;w=926&amp;s=641fd4d3ec7bd654bf95a03f2ef1b4f5 926w,\nhttps:\/\/eguma-wp.imgix.net\/https%3A%2F%2Fwww.e-guma.ch%2Ffr%2Fwp-content%2Fuploads%2F2020%2F04%2Feguma_blog.jpg?ixlib=js-2.3.2&amp;auto=format&amp;w=1074&amp;s=64a3183c6376bcce02d196607aa019a2 1074w,\nhttps:\/\/eguma-wp.imgix.net\/https%3A%2F%2Fwww.e-guma.ch%2Ffr%2Fwp-content%2Fuploads%2F2020%2F04%2Feguma_blog.jpg?ixlib=js-2.3.2&amp;auto=format&amp;w=1246&amp;s=9f6b0e23af8ba8d76bcbf30eac93ad60 1246w,\nhttps:\/\/eguma-wp.imgix.net\/https%3A%2F%2Fwww.e-guma.ch%2Ffr%2Fwp-content%2Fuploads%2F2020%2F04%2Feguma_blog.jpg?ixlib=js-2.3.2&amp;auto=format&amp;w=1446&amp;s=f169d0d9144028330b456be3fdda3a47 1446w,\nhttps:\/\/eguma-wp.imgix.net\/https%3A%2F%2Fwww.e-guma.ch%2Ffr%2Fwp-content%2Fuploads%2F2020%2F04%2Feguma_blog.jpg?ixlib=js-2.3.2&amp;auto=format&amp;w=1678&amp;s=592ce7929bc636ddfeff964235e2c53a 1678w,\nhttps:\/\/eguma-wp.imgix.net\/https%3A%2F%2Fwww.e-guma.ch%2Ffr%2Fwp-content%2Fuploads%2F2020%2F04%2Feguma_blog.jpg?ixlib=js-2.3.2&amp;auto=format&amp;w=1946&amp;s=82cd5cba416332210c5db781d7276376 1946w,\nhttps:\/\/eguma-wp.imgix.net\/https%3A%2F%2Fwww.e-guma.ch%2Ffr%2Fwp-content%2Fuploads%2F2020%2F04%2Feguma_blog.jpg?ixlib=js-2.3.2&amp;auto=format&amp;w=2258&amp;s=e009a0ab6de85a8fc05ebac68856a42d 2258w,\nhttps:\/\/eguma-wp.imgix.net\/https%3A%2F%2Fwww.e-guma.ch%2Ffr%2Fwp-content%2Fuploads%2F2020%2F04%2Feguma_blog.jpg?ixlib=js-2.3.2&amp;auto=format&amp;w=2618&amp;s=a4815e0b75f97b79f269ca024d0618cd 2618w,\nhttps:\/\/eguma-wp.imgix.net\/https%3A%2F%2Fwww.e-guma.ch%2Ffr%2Fwp-content%2Fuploads%2F2020%2F04%2Feguma_blog.jpg?ixlib=js-2.3.2&amp;auto=format&amp;w=3038&amp;s=c074f58616107fc660bd04fbb24408ce 3038w,\nhttps:\/\/eguma-wp.imgix.net\/https%3A%2F%2Fwww.e-guma.ch%2Ffr%2Fwp-content%2Fuploads%2F2020%2F04%2Feguma_blog.jpg?ixlib=js-2.3.2&amp;auto=format&amp;w=3524&amp;s=965d6fef6e6891b0eae2ed826dc9b229 3524w,\nhttps:\/\/eguma-wp.imgix.net\/https%3A%2F%2Fwww.e-guma.ch%2Ffr%2Fwp-content%2Fuploads%2F2020%2F04%2Feguma_blog.jpg?ixlib=js-2.3.2&amp;auto=format&amp;w=4088&amp;s=7a303a29bb501647d00e725db026a6fe 4088w,\nhttps:\/\/eguma-wp.imgix.net\/https%3A%2F%2Fwww.e-guma.ch%2Ffr%2Fwp-content%2Fuploads%2F2020%2F04%2Feguma_blog.jpg?ixlib=js-2.3.2&amp;auto=format&amp;w=4742&amp;s=bec391589762ccd75c1aa3f2179b0d8f 4742w,\nhttps:\/\/eguma-wp.imgix.net\/https%3A%2F%2Fwww.e-guma.ch%2Ffr%2Fwp-content%2Fuploads%2F2020%2F04%2Feguma_blog.jpg?ixlib=js-2.3.2&amp;auto=format&amp;w=5500&amp;s=aa8c36b90a28749f08896247b7023af4 5500w,\nhttps:\/\/eguma-wp.imgix.net\/https%3A%2F%2Fwww.e-guma.ch%2Ffr%2Fwp-content%2Fuploads%2F2020%2F04%2Feguma_blog.jpg?ixlib=js-2.3.2&amp;auto=format&amp;w=6380&amp;s=35472fe317e75e768376a8751142f3f3 6380w,\nhttps:\/\/eguma-wp.imgix.net\/https%3A%2F%2Fwww.e-guma.ch%2Ffr%2Fwp-content%2Fuploads%2F2020%2F04%2Feguma_blog.jpg?ixlib=js-2.3.2&amp;auto=format&amp;w=7400&amp;s=01dc350d2948314d9e8879fb14310fa3 7400w,\nhttps:\/\/eguma-wp.imgix.net\/https%3A%2F%2Fwww.e-guma.ch%2Ffr%2Fwp-content%2Fuploads%2F2020%2F04%2Feguma_blog.jpg?ixlib=js-2.3.2&amp;auto=format&amp;w=8192&amp;s=dacbd180ee39fcae3eedde77dd290f6e 8192w\" sizes=\"100vw\"\/><div class=\"c-hero-header__overlay\">\n<div class=\"m-richtext align--center\"><div class=\"l-constrainer\"><div class=\"c-richtext\">\n<h1 class=\"wp-block-heading\"><\/h1>\n\n\n\n<p><\/p>\n<\/div><\/div><\/div>\n<\/div><\/div><\/div>\n\n\n\n<div class=\"m-article align--center\" data-module=\"article\"><div class=\"l-constrainer\">\n<div class=\"m-richtext align--center\"><div class=\"l-constrainer\"><div class=\"c-richtext\">\n<h1 class=\"wp-block-heading\">T\u00e9l\u00e9chargements<\/h1>\n\n\n\n<h2 class=\"wp-block-heading\">Fiches d&rsquo;information<\/h2>\n\n\n\n<p>Carr\u00e9, compact. Dans ces quatre fiches d&rsquo;information, nous nous pr\u00e9sentons bri\u00e8vement, nous et nos produits.<\/p>\n\n\n\n<a class=\"c-link c-link--icon\" href=\"https:\/\/www.e-guma.ch\/fr\/wp-content\/uploads\/2021\/09\/FactSheet_entrepriseFR-1.pdf\" target=\"_blank\" rel=\"noopener noreferrer\"><svg class=\"c-icon c-icon--16 c-icon--download-document\" xmlns=\"http:\/\/www.w3.org\/2000\/svg\"><use href=\"\/wp-content\/themes\/eguma-template\/frontend\/dist\/assets\/images\/svg-sprite.svg#sprite-download-document\"><\/use><\/svg><span class=\"link__lbl\">Entreprise<\/span><\/a>\n\n\n\n<a class=\"c-link c-link--icon\" href=\"\/fr\/wp-content\/uploads\/2020\/10\/e-guma_factsheet_systemedebonscadeaux.pdf\" target=\"_blank\" rel=\"noopener noreferrer\"><svg class=\"c-icon c-icon--16 c-icon--download-document\" xmlns=\"http:\/\/www.w3.org\/2000\/svg\"><use href=\"\/wp-content\/themes\/eguma-template\/frontend\/dist\/assets\/images\/svg-sprite.svg#sprite-download-document\"><\/use><\/svg><span class=\"link__lbl\">Syst\u00e8me de bons cadeaux e-guma<\/span><\/a>\n\n\n\n<a class=\"c-link c-link--icon\" href=\"\/fr\/wp-content\/uploads\/2020\/10\/e-guma_factsheet_systemedebonscadeaux_solutionorganisationnelle.pdf\" target=\"_blank\" rel=\"noopener noreferrer\"><svg class=\"c-icon c-icon--16 c-icon--download-document\" xmlns=\"http:\/\/www.w3.org\/2000\/svg\"><use href=\"\/wp-content\/themes\/eguma-template\/frontend\/dist\/assets\/images\/svg-sprite.svg#sprite-download-document\"><\/use><\/svg><span class=\"link__lbl\">Solution organisationnelle e-guma pour bons cadeaux<\/span><\/a>\n\n\n\n<a class=\"c-link c-link--icon\" href=\"https:\/\/www.e-guma.ch\/fr\/wp-content\/uploads\/FactSheet_Guthabenkarte_FR.pdf\" target=\"_blank\" rel=\"noopener noreferrer\"><svg class=\"c-icon c-icon--16 c-icon--download-document\" xmlns=\"http:\/\/www.w3.org\/2000\/svg\"><use href=\"\/wp-content\/themes\/eguma-template\/frontend\/dist\/assets\/images\/svg-sprite.svg#sprite-download-document\"><\/use><\/svg><span class=\"link__lbl\">La carte pr\u00e9pay\u00e9e e-guma<\/span><\/a>\n\n\n\n<a class=\"c-link c-link--icon\" href=\"https:\/\/www.e-guma.ch\/fr\/wp-content\/uploads\/2021\/07\/FactSheet_syste\u0300medebilletterieFR.pdf\" target=\"_blank\" rel=\"noopener noreferrer\"><svg class=\"c-icon c-icon--16 c-icon--download-document\" xmlns=\"http:\/\/www.w3.org\/2000\/svg\"><use href=\"\/wp-content\/themes\/eguma-template\/frontend\/dist\/assets\/images\/svg-sprite.svg#sprite-download-document\"><\/use><\/svg><span class=\"link__lbl\">Syst\u00e8me de billetterie e-guma pour \u00e9v\u00e9nements et entr\u00e9es<\/span><\/a>\n<\/div><\/div><\/div>\n<\/div><\/div>\n\n\n\n<div class=\"m-article align--center\" data-module=\"article\"><div class=\"l-constrainer\">\n<div class=\"m-richtext align--center\"><div class=\"l-constrainer\"><div class=\"c-richtext\">\n<h2 class=\"wp-block-heading\">Logo<\/h2>\n\n\n\n<p>Vous pouvez trouver nos logos ici. Si vous avez besoin de mat\u00e9riel suppl\u00e9mentaire, contactez-nous.<\/p>\n\n\n\n<a class=\"c-link c-link--icon\" href=\"https:\/\/www.e-guma.ch\/fr\/wp-content\/uploads\/2021\/06\/e-guma_logo_farbe_fr.zip\" target=\"_self\" rel=\"noopener noreferrer\"><svg class=\"c-icon c-icon--16 c-icon--download-document\" xmlns=\"http:\/\/www.w3.org\/2000\/svg\"><use href=\"\/wp-content\/themes\/eguma-template\/frontend\/dist\/assets\/images\/svg-sprite.svg#sprite-download-document\"><\/use><\/svg><span class=\"link__lbl\">e-guma logo (eps)<\/span><\/a>\n\n\n\n<a class=\"c-link c-link--icon\" href=\"https:\/\/www.e-guma.ch\/fr\/wp-content\/uploads\/2021\/06\/e-guma_logo_farbe_png.zip\" target=\"_self\" rel=\"noopener noreferrer\"><svg class=\"c-icon c-icon--16 c-icon--download-document\" xmlns=\"http:\/\/www.w3.org\/2000\/svg\"><use href=\"\/wp-content\/themes\/eguma-template\/frontend\/dist\/assets\/images\/svg-sprite.svg#sprite-download-document\"><\/use><\/svg><span class=\"link__lbl\">e-guma logo (png)<\/span><\/a>\n<\/div><\/div><\/div>\n<\/div><\/div>\n\n\n\n<div class=\"m-swiper l-default no-topspace  \" class=\"wp-block-eguma-swiper\"><div class=\"l-constrainer\"><\/div><div class=\"l-constrainer\"><div class=\"swiper-container eguma-swiper-container eguma-swiper-container-init\" data-eguma-carousel-autoplay=\"false\" data-eguma-carousel-delay=\"5000\" data-eguma-carousel-loop=\"false\" data-eguma-carousel-speed=\"500\" data-eguma-carousel-effect=\"slide\" data-eguma-carousel-space-between=\"30\" data-eguma-carousel-slides-view=\"4\" data-eguma-carousel-slides-column=\"1\" data-eguma-carousel-space-between-mobile=\"10\" data-eguma-carousel-slides-view-mobile=\"2\" data-eguma-carousel-slides-column-mobile=\"2\" data-eguma-carousel-slides-group=\"1\" data-eguma-carousel-slides-group-mobile=\"1\" data-eguma-carousel-arrows=\"false\" data-eguma-carousel-dots=\"false\" data-eguma-carousel-dotsclick=\"false\" data-eguma-carousel-touchmove=\"false\" data-eguma-carousel-watchoverflow=\"false\" data-eguma-carousel-autoheight=\"false\"><div class=\"swiper-wrapper eguma-swiper-wrapper\"><\/div><\/div><\/div><\/div>\n\n\n\n<section class=\"m-teaserstage l-full\"><div class=\"l-constrainer\"><div class=\"bg\"><\/div><div class=\"stage-wrapper\">\n<div class=\"m-article align--center\" data-module=\"article\"><div class=\"l-constrainer\">\n<div class=\"m-richtext align--center\"><div class=\"l-constrainer\"><div class=\"c-richtext\">\n<h2 class=\"has-text-align-center wp-block-heading\">Vous souhaitez en apprendre davantage ? <\/h2>\n\n\n\n<p class=\"has-text-align-center\">Nous sommes \u00e0 votre disposition pour un conseil sans engagement. Nous nous r\u00e9jouissons de recevoir votre appel ou votre message.<\/p>\n<\/div><\/div><\/div>\n\n\n\n<div class=\"m-btn align--center\"><div class=\"l-constrainer\">\n<a href=\"tel:+41445005400\" target=\"_self\" class=\"c-btn c-btn--default c-btn--invert c-btn--icon-lbl\" rel=\"noopener noreferrer\" data-module=\"button\"><span class=\"btn-label\"><svg class=\"c-icon c-icon--16 c-icon--calls\" xmlns=\"http:\/\/www.w3.org\/2000\/svg\" viewBox=\"0 0 190 190\"><use href=\"\/wp-content\/themes\/eguma-template\/frontend\/dist\/assets\/images\/svg-sprite.svg#sprite-calls\"><\/use><\/svg>appeler<\/span><div class=\"focus-blob\"><\/div><\/a>\n\n\n\n<a href=\"https:\/\/www.e-guma.ch\/fr\/a-propos-de-nous\/contact\/\" target=\"_self\" class=\"c-btn c-btn--default c-btn--invert c-btn--icon-lbl\" rel=\"noopener noreferrer\" data-module=\"button\"><span class=\"btn-label\"><svg class=\"c-icon c-icon--16 c-icon--avatar\" xmlns=\"http:\/\/www.w3.org\/2000\/svg\" viewBox=\"0 0 190 190\"><use href=\"\/wp-content\/themes\/eguma-template\/frontend\/dist\/assets\/images\/svg-sprite.svg#sprite-avatar\"><\/use><\/svg>conseil<\/span><div class=\"focus-blob\"><\/div><\/a>\n\n\n\n<a href=\"mailto:info@e-guma.ch\" target=\"_self\" class=\"c-btn c-btn--default c-btn--invert c-btn--icon-lbl\" rel=\"noopener noreferrer\" data-module=\"button\"><span class=\"btn-label\"><svg class=\"c-icon c-icon--16 c-icon--envelope\" xmlns=\"http:\/\/www.w3.org\/2000\/svg\" viewBox=\"0 0 190 190\"><use href=\"\/wp-content\/themes\/eguma-template\/frontend\/dist\/assets\/images\/svg-sprite.svg#sprite-envelope\"><\/use><\/svg>e-mail<\/span><div class=\"focus-blob\"><\/div><\/a>\n<\/div><\/div>\n<\/div><\/div>\n<\/div><\/div><\/section>\n\n\n\n<div class=\"wp-block-group\"><div class=\"wp-block-group__inner-container is-layout-flow wp-block-group-is-layout-flow\"><\/div><\/div>\n","protected":false},"excerpt":{"rendered":"","protected":false},"author":4,"featured_media":0,"parent":7986,"menu_order":45,"comment_status":"closed","ping_status":"closed","template":"","meta":{"_acf_changed":false,"footnotes":""},"class_list":["post-8087","page","type-page","status-publish","hentry"],"acf":[],"yoast_head":"<!-- This site is optimized with the Yoast SEO plugin v23.2 - https:\/\/yoast.com\/wordpress\/plugins\/seo\/ -->\n<title>T\u00e9l\u00e9chargements - e-guma | Syst\u00e8me de bons cadeaux et de billetterie<\/title>\n<meta name=\"robots\" content=\"index, follow, max-snippet:-1, max-image-preview:large, max-video-preview:-1\" \/>\n<link rel=\"canonical\" href=\"https:\/\/www.e-guma.ch\/fr\/a-propos-de-nous\/telechargements\/\" \/>\n<meta property=\"og:locale\" content=\"fr_FR\" \/>\n<meta property=\"og:type\" content=\"article\" \/>\n<meta property=\"og:title\" content=\"T\u00e9l\u00e9chargements - e-guma | Syst\u00e8me de bons cadeaux et de billetterie\" \/>\n<meta property=\"og:url\" content=\"https:\/\/www.e-guma.ch\/fr\/a-propos-de-nous\/telechargements\/\" \/>\n<meta property=\"og:site_name\" content=\"e-guma | Syst\u00e8me de bons cadeaux et de billetterie\" \/>\n<meta property=\"article:modified_time\" content=\"2025-10-16T09:05:04+00:00\" \/>\n<meta property=\"og:image\" content=\"https:\/\/www.e-guma.ch\/fr\/wp-content\/uploads\/2020\/04\/eguma_blog.jpg\" \/>\n<meta name=\"twitter:card\" content=\"summary_large_image\" \/>\n<meta name=\"twitter:label1\" content=\"Dur\u00e9e de lecture estim\u00e9e\" \/>\n\t<meta name=\"twitter:data1\" content=\"1 minute\" \/>\n<script type=\"application\/ld+json\" class=\"yoast-schema-graph\">{\"@context\":\"https:\/\/schema.org\",\"@graph\":[{\"@type\":\"WebPage\",\"@id\":\"https:\/\/www.e-guma.ch\/fr\/a-propos-de-nous\/telechargements\/\",\"url\":\"https:\/\/www.e-guma.ch\/fr\/a-propos-de-nous\/telechargements\/\",\"name\":\"T\u00e9l\u00e9chargements - e-guma | Syst\u00e8me de bons cadeaux et de billetterie\",\"isPartOf\":{\"@id\":\"https:\/\/www.e-guma.ch\/fr\/#website\"},\"primaryImageOfPage\":{\"@id\":\"https:\/\/www.e-guma.ch\/fr\/a-propos-de-nous\/telechargements\/#primaryimage\"},\"image\":{\"@id\":\"https:\/\/www.e-guma.ch\/fr\/a-propos-de-nous\/telechargements\/#primaryimage\"},\"thumbnailUrl\":\"https:\/\/www.e-guma.ch\/fr\/wp-content\/uploads\/2020\/04\/eguma_blog.jpg\",\"datePublished\":\"2020-07-16T12:47:47+00:00\",\"dateModified\":\"2025-10-16T09:05:04+00:00\",\"breadcrumb\":{\"@id\":\"https:\/\/www.e-guma.ch\/fr\/a-propos-de-nous\/telechargements\/#breadcrumb\"},\"inLanguage\":\"fr\",\"potentialAction\":[{\"@type\":\"ReadAction\",\"target\":[\"https:\/\/www.e-guma.ch\/fr\/a-propos-de-nous\/telechargements\/\"]}]},{\"@type\":\"ImageObject\",\"inLanguage\":\"fr\",\"@id\":\"https:\/\/www.e-guma.ch\/fr\/a-propos-de-nous\/telechargements\/#primaryimage\",\"url\":\"https:\/\/eguma-wordpress.s3.amazonaws.com\/fr\/uploads\/2020\/04\/eguma_blog.jpg\",\"contentUrl\":\"https:\/\/eguma-wordpress.s3.amazonaws.com\/fr\/uploads\/2020\/04\/eguma_blog.jpg\",\"width\":2000,\"height\":947,\"caption\":\"e-guma Header Blog\"},{\"@type\":\"BreadcrumbList\",\"@id\":\"https:\/\/www.e-guma.ch\/fr\/a-propos-de-nous\/telechargements\/#breadcrumb\",\"itemListElement\":[{\"@type\":\"ListItem\",\"position\":1,\"name\":\"Home\",\"item\":\"https:\/\/www.e-guma.ch\/fr\/\"},{\"@type\":\"ListItem\",\"position\":2,\"name\":\"\u00c0 propos de nous\",\"item\":\"https:\/\/www.e-guma.ch\/fr\/a-propos-de-nous\/\"},{\"@type\":\"ListItem\",\"position\":3,\"name\":\"T\u00e9l\u00e9chargements\"}]},{\"@type\":\"WebSite\",\"@id\":\"https:\/\/www.e-guma.ch\/fr\/#website\",\"url\":\"https:\/\/www.e-guma.ch\/fr\/\",\"name\":\"e-guma | Syst\u00e8me de bons cadeaux et de billetterie\",\"description\":\"\",\"potentialAction\":[{\"@type\":\"SearchAction\",\"target\":{\"@type\":\"EntryPoint\",\"urlTemplate\":\"https:\/\/www.e-guma.ch\/fr\/?s={search_term_string}\"},\"query-input\":\"required name=search_term_string\"}],\"inLanguage\":\"fr\"}]}<\/script>\n<!-- \/ Yoast SEO plugin. -->","yoast_head_json":{"title":"T\u00e9l\u00e9chargements - e-guma | Syst\u00e8me de bons cadeaux et de billetterie","robots":{"index":"index","follow":"follow","max-snippet":"max-snippet:-1","max-image-preview":"max-image-preview:large","max-video-preview":"max-video-preview:-1"},"canonical":"https:\/\/www.e-guma.ch\/fr\/a-propos-de-nous\/telechargements\/","og_locale":"fr_FR","og_type":"article","og_title":"T\u00e9l\u00e9chargements - e-guma | Syst\u00e8me de bons cadeaux et de billetterie","og_url":"https:\/\/www.e-guma.ch\/fr\/a-propos-de-nous\/telechargements\/","og_site_name":"e-guma | Syst\u00e8me de bons cadeaux et de billetterie","article_modified_time":"2025-10-16T09:05:04+00:00","og_image":[{"url":"https:\/\/www.e-guma.ch\/fr\/wp-content\/uploads\/2020\/04\/eguma_blog.jpg"}],"twitter_card":"summary_large_image","twitter_misc":{"Dur\u00e9e de lecture estim\u00e9e":"1 minute"},"schema":{"@context":"https:\/\/schema.org","@graph":[{"@type":"WebPage","@id":"https:\/\/www.e-guma.ch\/fr\/a-propos-de-nous\/telechargements\/","url":"https:\/\/www.e-guma.ch\/fr\/a-propos-de-nous\/telechargements\/","name":"T\u00e9l\u00e9chargements - e-guma | Syst\u00e8me de bons cadeaux et de billetterie","isPartOf":{"@id":"https:\/\/www.e-guma.ch\/fr\/#website"},"primaryImageOfPage":{"@id":"https:\/\/www.e-guma.ch\/fr\/a-propos-de-nous\/telechargements\/#primaryimage"},"image":{"@id":"https:\/\/www.e-guma.ch\/fr\/a-propos-de-nous\/telechargements\/#primaryimage"},"thumbnailUrl":"https:\/\/www.e-guma.ch\/fr\/wp-content\/uploads\/2020\/04\/eguma_blog.jpg","datePublished":"2020-07-16T12:47:47+00:00","dateModified":"2025-10-16T09:05:04+00:00","breadcrumb":{"@id":"https:\/\/www.e-guma.ch\/fr\/a-propos-de-nous\/telechargements\/#breadcrumb"},"inLanguage":"fr","potentialAction":[{"@type":"ReadAction","target":["https:\/\/www.e-guma.ch\/fr\/a-propos-de-nous\/telechargements\/"]}]},{"@type":"ImageObject","inLanguage":"fr","@id":"https:\/\/www.e-guma.ch\/fr\/a-propos-de-nous\/telechargements\/#primaryimage","url":"https:\/\/eguma-wordpress.s3.amazonaws.com\/fr\/uploads\/2020\/04\/eguma_blog.jpg","contentUrl":"https:\/\/eguma-wordpress.s3.amazonaws.com\/fr\/uploads\/2020\/04\/eguma_blog.jpg","width":2000,"height":947,"caption":"e-guma Header Blog"},{"@type":"BreadcrumbList","@id":"https:\/\/www.e-guma.ch\/fr\/a-propos-de-nous\/telechargements\/#breadcrumb","itemListElement":[{"@type":"ListItem","position":1,"name":"Home","item":"https:\/\/www.e-guma.ch\/fr\/"},{"@type":"ListItem","position":2,"name":"\u00c0 propos de nous","item":"https:\/\/www.e-guma.ch\/fr\/a-propos-de-nous\/"},{"@type":"ListItem","position":3,"name":"T\u00e9l\u00e9chargements"}]},{"@type":"WebSite","@id":"https:\/\/www.e-guma.ch\/fr\/#website","url":"https:\/\/www.e-guma.ch\/fr\/","name":"e-guma | Syst\u00e8me de bons cadeaux et de billetterie","description":"","potentialAction":[{"@type":"SearchAction","target":{"@type":"EntryPoint","urlTemplate":"https:\/\/www.e-guma.ch\/fr\/?s={search_term_string}"},"query-input":"required name=search_term_string"}],"inLanguage":"fr"}]}},"_links":{"self":[{"href":"https:\/\/www.e-guma.ch\/fr\/wp-json\/wp\/v2\/pages\/8087","targetHints":{"allow":["GET"]}}],"collection":[{"href":"https:\/\/www.e-guma.ch\/fr\/wp-json\/wp\/v2\/pages"}],"about":[{"href":"https:\/\/www.e-guma.ch\/fr\/wp-json\/wp\/v2\/types\/page"}],"author":[{"embeddable":true,"href":"https:\/\/www.e-guma.ch\/fr\/wp-json\/wp\/v2\/users\/4"}],"replies":[{"embeddable":true,"href":"https:\/\/www.e-guma.ch\/fr\/wp-json\/wp\/v2\/comments?post=8087"}],"version-history":[{"count":17,"href":"https:\/\/www.e-guma.ch\/fr\/wp-json\/wp\/v2\/pages\/8087\/revisions"}],"predecessor-version":[{"id":14532,"href":"https:\/\/www.e-guma.ch\/fr\/wp-json\/wp\/v2\/pages\/8087\/revisions\/14532"}],"up":[{"embeddable":true,"href":"https:\/\/www.e-guma.ch\/fr\/wp-json\/wp\/v2\/pages\/7986"}],"wp:attachment":[{"href":"https:\/\/www.e-guma.ch\/fr\/wp-json\/wp\/v2\/media?parent=8087"}],"curies":[{"name":"wp","href":"https:\/\/api.w.org\/{rel}","templated":true}]}}