{"id":8071,"date":"2020-07-16T08:44:32","date_gmt":"2020-07-16T08:44:32","guid":{"rendered":"https:\/\/www.e-guma.ch\/fr\/qui-sommes-nous\/postes\/"},"modified":"2025-10-16T11:53:46","modified_gmt":"2025-10-16T09:53:46","slug":"postes","status":"publish","type":"page","link":"https:\/\/www.e-guma.ch\/fr\/a-propos-de-nous\/postes\/","title":{"rendered":"Postes"},"content":{"rendered":"\n<div class=\"wp-block-eguma-hero-header c-hero-wrapper\"><div class=\"c-hero-header\"><img decoding=\"async\" alt=\"\" src=\"https:\/\/www.e-guma.ch\/fr\/wp-content\/uploads\/2020\/04\/eguma_jobs.jpg\" srcset=\"https:\/\/eguma-wp.imgix.net\/https%3A%2F%2Fwww.e-guma.ch%2Ffr%2Fwp-content%2Fuploads%2F2020%2F04%2Feguma_jobs.jpg?ixlib=js-2.3.2&amp;auto=format&amp;w=100&amp;s=fceb76bf1ebed4771e1bce24ff1b4fbf 100w,\nhttps:\/\/eguma-wp.imgix.net\/https%3A%2F%2Fwww.e-guma.ch%2Ffr%2Fwp-content%2Fuploads%2F2020%2F04%2Feguma_jobs.jpg?ixlib=js-2.3.2&amp;auto=format&amp;w=116&amp;s=bc6062505480082226ac457e80280236 116w,\nhttps:\/\/eguma-wp.imgix.net\/https%3A%2F%2Fwww.e-guma.ch%2Ffr%2Fwp-content%2Fuploads%2F2020%2F04%2Feguma_jobs.jpg?ixlib=js-2.3.2&amp;auto=format&amp;w=134&amp;s=5f61d8d632637f53b9d8943211bc1376 134w,\nhttps:\/\/eguma-wp.imgix.net\/https%3A%2F%2Fwww.e-guma.ch%2Ffr%2Fwp-content%2Fuploads%2F2020%2F04%2Feguma_jobs.jpg?ixlib=js-2.3.2&amp;auto=format&amp;w=156&amp;s=c6cec097f97d3778f70b5a29fd03d710 156w,\nhttps:\/\/eguma-wp.imgix.net\/https%3A%2F%2Fwww.e-guma.ch%2Ffr%2Fwp-content%2Fuploads%2F2020%2F04%2Feguma_jobs.jpg?ixlib=js-2.3.2&amp;auto=format&amp;w=182&amp;s=85b9f47d89e5a8f5195fd9e0efaed467 182w,\nhttps:\/\/eguma-wp.imgix.net\/https%3A%2F%2Fwww.e-guma.ch%2Ffr%2Fwp-content%2Fuploads%2F2020%2F04%2Feguma_jobs.jpg?ixlib=js-2.3.2&amp;auto=format&amp;w=210&amp;s=7ea16d7e7b2a5d084eab30e94ef99269 210w,\nhttps:\/\/eguma-wp.imgix.net\/https%3A%2F%2Fwww.e-guma.ch%2Ffr%2Fwp-content%2Fuploads%2F2020%2F04%2Feguma_jobs.jpg?ixlib=js-2.3.2&amp;auto=format&amp;w=244&amp;s=72336a137baea2ddadbcae3dd1782482 244w,\nhttps:\/\/eguma-wp.imgix.net\/https%3A%2F%2Fwww.e-guma.ch%2Ffr%2Fwp-content%2Fuploads%2F2020%2F04%2Feguma_jobs.jpg?ixlib=js-2.3.2&amp;auto=format&amp;w=282&amp;s=c796bc0dc7d1de665cd676bb39e95235 282w,\nhttps:\/\/eguma-wp.imgix.net\/https%3A%2F%2Fwww.e-guma.ch%2Ffr%2Fwp-content%2Fuploads%2F2020%2F04%2Feguma_jobs.jpg?ixlib=js-2.3.2&amp;auto=format&amp;w=328&amp;s=b10374ee78e7bf798df4e25cf87ab24f 328w,\nhttps:\/\/eguma-wp.imgix.net\/https%3A%2F%2Fwww.e-guma.ch%2Ffr%2Fwp-content%2Fuploads%2F2020%2F04%2Feguma_jobs.jpg?ixlib=js-2.3.2&amp;auto=format&amp;w=380&amp;s=b0314d4cb3f350964736d94bdabf3f08 380w,\nhttps:\/\/eguma-wp.imgix.net\/https%3A%2F%2Fwww.e-guma.ch%2Ffr%2Fwp-content%2Fuploads%2F2020%2F04%2Feguma_jobs.jpg?ixlib=js-2.3.2&amp;auto=format&amp;w=442&amp;s=d84ff6236f343d2f9b0ed9f39d294a16 442w,\nhttps:\/\/eguma-wp.imgix.net\/https%3A%2F%2Fwww.e-guma.ch%2Ffr%2Fwp-content%2Fuploads%2F2020%2F04%2Feguma_jobs.jpg?ixlib=js-2.3.2&amp;auto=format&amp;w=512&amp;s=318d2801f2dcaa107210377393e85802 512w,\nhttps:\/\/eguma-wp.imgix.net\/https%3A%2F%2Fwww.e-guma.ch%2Ffr%2Fwp-content%2Fuploads%2F2020%2F04%2Feguma_jobs.jpg?ixlib=js-2.3.2&amp;auto=format&amp;w=594&amp;s=b1db82a4a5f5947f1420e693ba4fecbf 594w,\nhttps:\/\/eguma-wp.imgix.net\/https%3A%2F%2Fwww.e-guma.ch%2Ffr%2Fwp-content%2Fuploads%2F2020%2F04%2Feguma_jobs.jpg?ixlib=js-2.3.2&amp;auto=format&amp;w=688&amp;s=7e2fb0128d6aaa9406e8aa2763750a9a 688w,\nhttps:\/\/eguma-wp.imgix.net\/https%3A%2F%2Fwww.e-guma.ch%2Ffr%2Fwp-content%2Fuploads%2F2020%2F04%2Feguma_jobs.jpg?ixlib=js-2.3.2&amp;auto=format&amp;w=798&amp;s=87dc71573dd791b7227b3e515658a9a2 798w,\nhttps:\/\/eguma-wp.imgix.net\/https%3A%2F%2Fwww.e-guma.ch%2Ffr%2Fwp-content%2Fuploads%2F2020%2F04%2Feguma_jobs.jpg?ixlib=js-2.3.2&amp;auto=format&amp;w=926&amp;s=26b3d048a3cd6e46436d8775924b8c93 926w,\nhttps:\/\/eguma-wp.imgix.net\/https%3A%2F%2Fwww.e-guma.ch%2Ffr%2Fwp-content%2Fuploads%2F2020%2F04%2Feguma_jobs.jpg?ixlib=js-2.3.2&amp;auto=format&amp;w=1074&amp;s=832af4d3cbfe355c93d80d32f23a4b25 1074w,\nhttps:\/\/eguma-wp.imgix.net\/https%3A%2F%2Fwww.e-guma.ch%2Ffr%2Fwp-content%2Fuploads%2F2020%2F04%2Feguma_jobs.jpg?ixlib=js-2.3.2&amp;auto=format&amp;w=1246&amp;s=abdb17b672c80ecdc267e54a3f2bd7b0 1246w,\nhttps:\/\/eguma-wp.imgix.net\/https%3A%2F%2Fwww.e-guma.ch%2Ffr%2Fwp-content%2Fuploads%2F2020%2F04%2Feguma_jobs.jpg?ixlib=js-2.3.2&amp;auto=format&amp;w=1446&amp;s=68d7271ca95a647d49ee21f53885fa3a 1446w,\nhttps:\/\/eguma-wp.imgix.net\/https%3A%2F%2Fwww.e-guma.ch%2Ffr%2Fwp-content%2Fuploads%2F2020%2F04%2Feguma_jobs.jpg?ixlib=js-2.3.2&amp;auto=format&amp;w=1678&amp;s=30e39ccf7eb3c6667c02af763c5fb5e4 1678w,\nhttps:\/\/eguma-wp.imgix.net\/https%3A%2F%2Fwww.e-guma.ch%2Ffr%2Fwp-content%2Fuploads%2F2020%2F04%2Feguma_jobs.jpg?ixlib=js-2.3.2&amp;auto=format&amp;w=1946&amp;s=c08f4de5e0b7d8ca9d1036222be5eee7 1946w,\nhttps:\/\/eguma-wp.imgix.net\/https%3A%2F%2Fwww.e-guma.ch%2Ffr%2Fwp-content%2Fuploads%2F2020%2F04%2Feguma_jobs.jpg?ixlib=js-2.3.2&amp;auto=format&amp;w=2258&amp;s=1c2cfa9e94d1bb8380526cd529c56d46 2258w,\nhttps:\/\/eguma-wp.imgix.net\/https%3A%2F%2Fwww.e-guma.ch%2Ffr%2Fwp-content%2Fuploads%2F2020%2F04%2Feguma_jobs.jpg?ixlib=js-2.3.2&amp;auto=format&amp;w=2618&amp;s=2f36f21f763fdd36d578ebf909a3a3e4 2618w,\nhttps:\/\/eguma-wp.imgix.net\/https%3A%2F%2Fwww.e-guma.ch%2Ffr%2Fwp-content%2Fuploads%2F2020%2F04%2Feguma_jobs.jpg?ixlib=js-2.3.2&amp;auto=format&amp;w=3038&amp;s=11644361ae78bc9274bce6ac23fecaf8 3038w,\nhttps:\/\/eguma-wp.imgix.net\/https%3A%2F%2Fwww.e-guma.ch%2Ffr%2Fwp-content%2Fuploads%2F2020%2F04%2Feguma_jobs.jpg?ixlib=js-2.3.2&amp;auto=format&amp;w=3524&amp;s=1d0ce3455d2bc71bf2441b207fb47bbc 3524w,\nhttps:\/\/eguma-wp.imgix.net\/https%3A%2F%2Fwww.e-guma.ch%2Ffr%2Fwp-content%2Fuploads%2F2020%2F04%2Feguma_jobs.jpg?ixlib=js-2.3.2&amp;auto=format&amp;w=4088&amp;s=be38911311146c0dd74b227e281fa068 4088w,\nhttps:\/\/eguma-wp.imgix.net\/https%3A%2F%2Fwww.e-guma.ch%2Ffr%2Fwp-content%2Fuploads%2F2020%2F04%2Feguma_jobs.jpg?ixlib=js-2.3.2&amp;auto=format&amp;w=4742&amp;s=4f8fd5ef3aee77b429a04cc836154bf3 4742w,\nhttps:\/\/eguma-wp.imgix.net\/https%3A%2F%2Fwww.e-guma.ch%2Ffr%2Fwp-content%2Fuploads%2F2020%2F04%2Feguma_jobs.jpg?ixlib=js-2.3.2&amp;auto=format&amp;w=5500&amp;s=6f4019e36450190e8036306f5dd34781 5500w,\nhttps:\/\/eguma-wp.imgix.net\/https%3A%2F%2Fwww.e-guma.ch%2Ffr%2Fwp-content%2Fuploads%2F2020%2F04%2Feguma_jobs.jpg?ixlib=js-2.3.2&amp;auto=format&amp;w=6380&amp;s=6e530eb81975ee931bae13130a813b1a 6380w,\nhttps:\/\/eguma-wp.imgix.net\/https%3A%2F%2Fwww.e-guma.ch%2Ffr%2Fwp-content%2Fuploads%2F2020%2F04%2Feguma_jobs.jpg?ixlib=js-2.3.2&amp;auto=format&amp;w=7400&amp;s=9e4d9effe4d0cccc5e37d408e9f85252 7400w,\nhttps:\/\/eguma-wp.imgix.net\/https%3A%2F%2Fwww.e-guma.ch%2Ffr%2Fwp-content%2Fuploads%2F2020%2F04%2Feguma_jobs.jpg?ixlib=js-2.3.2&amp;auto=format&amp;w=8192&amp;s=29a904af8f9f9cb89b37be49ca6edfe6 8192w\" sizes=\"100vw\"\/><div class=\"c-hero-header__overlay\">\n<div class=\"m-richtext align--center\"><div class=\"l-constrainer\"><div class=\"c-richtext\">\n<h1 class=\"wp-block-heading\">Postes<\/h1>\n\n\n\n<h2 class=\"wp-block-heading\">Ta prochaine \u00e9tape : e-guma<\/h2>\n\n\n\n<p>Es-tu pr\u00eat \u00e0 rejoindre notre mission? Fais avec nous l&rsquo;avenir des bons cadeaux et de la billetterie.<\/p>\n<\/div><\/div><\/div>\n<\/div><\/div><\/div>\n\n\n\n<div class=\"m-article align--center\" data-module=\"article\"><div class=\"l-constrainer\">\n<div class=\"m-richtext align--center\"><div class=\"l-constrainer\"><div class=\"c-richtext\">\n<h2 class=\"wp-block-heading\">Ce que tu peux attendre de nous<\/h2>\n\n\n\n<p>Nous \u00e9voluons dans une atmosph\u00e8re de travail conviviale, simple et flexible avec des hi\u00e9rarchies horizontales. Chez nous, tu peux apporter tes id\u00e9es &#8211; cela peut imm\u00e9diatement d\u00e9clencher des flashs d&rsquo;inspiration tr\u00e8s forts. En tant que membre de notre jeune \u00e9quipe, tu es ravi d&rsquo;am\u00e9liorer chaque jour le syst\u00e8me e-guma. Notre objectif est de permette \u00e0 nos clients de g\u00e9rer leurs bons cadeaux et leurs billets facilement et de mani\u00e8re productive. Qu&rsquo;il s&rsquo;agisse d&rsquo;un restaurant branch\u00e9, d&rsquo;un h\u00f4tel de luxe 5* ou d&rsquo;une petite boutique de fleurs raffin\u00e9e, nous leur aidons \u00e0 organiser leur offre de bons cadeaux et de billets dans leur propre boutique en ligne et \u00e0 vendre plus en fournissant moins d&rsquo;effort. Et, pour cela, nous sollicitons ton aide.<\/p>\n<\/div><\/div><\/div>\n<\/div><\/div>\n\n\n\n<div class=\"m-article align--center\" data-module=\"article\"><div class=\"l-constrainer\">\n<div class=\"m-richtext align--center\"><div class=\"l-constrainer\"><div class=\"c-richtext\">\n<h2 class=\"wp-block-heading\">Postes vacants<\/h2>\n\n\n\n<p>Tu peux consulter nos postes vacants sur notre site internet allemand :<\/p>\n\n\n\n<a class=\"c-link c-link--icon\" href=\"https:\/\/www.e-guma.ch\/ueber-uns\/jobs\/\" rel=\"noopener noreferrer\"><svg class=\"c-icon c-icon--16 c-icon--arrow-right\" xmlns=\"http:\/\/www.w3.org\/2000\/svg\"><use href=\"\/wp-content\/themes\/eguma-template\/frontend\/dist\/assets\/images\/svg-sprite.svg#sprite-arrow-right\"><\/use><\/svg><span class=\"link__lbl\">Postes vacants<\/span><\/a>\n<\/div><\/div><\/div>\n<\/div><\/div>\n\n\n\n<section class=\"m-teaserstage l-full\"><div class=\"l-constrainer\"><div class=\"bg\"><\/div><div class=\"stage-wrapper\">\n<div class=\"m-article align--center\" data-module=\"article\"><div class=\"l-constrainer\">\n<div class=\"m-richtext align--center\"><div class=\"l-constrainer\"><div class=\"c-richtext\">\n<h2 class=\"wp-block-heading has-text-align-center\">Un futur poste chez e-guma ?<\/h2>\n\n\n\n<p class=\"has-text-align-center\">Appelle-nous ou envoie-nous directement ton dossier de candidature. Nous sommes ravis de faire ta connaissance.<\/p>\n<\/div><\/div><\/div>\n\n\n\n<div class=\"m-btn align--center\"><div class=\"l-constrainer\">\n<a href=\"tel:+41445005400\" target=\"_self\" class=\"c-btn c-btn--default c-btn--invert c-btn--icon-lbl\" rel=\"noopener noreferrer\" data-module=\"button\"><span class=\"btn-label\"><svg class=\"c-icon c-icon--16 c-icon--calls\" xmlns=\"http:\/\/www.w3.org\/2000\/svg\" viewBox=\"0 0 190 190\"><use href=\"\/wp-content\/themes\/eguma-template\/frontend\/dist\/assets\/images\/svg-sprite.svg#sprite-calls\"><\/use><\/svg>appeler<\/span><div class=\"focus-blob\"><\/div><\/a>\n\n\n\n<a href=\"mailto:info@e-guma.ch\" target=\"_self\" class=\"c-btn c-btn--default c-btn--invert c-btn--icon-lbl\" rel=\"noopener noreferrer\" data-module=\"button\"><span class=\"btn-label\"><svg class=\"c-icon c-icon--16 c-icon--envelope\" xmlns=\"http:\/\/www.w3.org\/2000\/svg\" viewBox=\"0 0 190 190\"><use href=\"\/wp-content\/themes\/eguma-template\/frontend\/dist\/assets\/images\/svg-sprite.svg#sprite-envelope\"><\/use><\/svg>e-mail<\/span><div class=\"focus-blob\"><\/div><\/a>\n<\/div><\/div>\n<\/div><\/div>\n<\/div><\/div><\/section>\n","protected":false},"excerpt":{"rendered":"","protected":false},"author":4,"featured_media":0,"parent":7986,"menu_order":44,"comment_status":"closed","ping_status":"closed","template":"template-detail-page.php","meta":{"_acf_changed":false,"footnotes":""},"class_list":["post-8071","page","type-page","status-publish","hentry"],"acf":[],"yoast_head":"<!-- This site is optimized with the Yoast SEO plugin v23.2 - https:\/\/yoast.com\/wordpress\/plugins\/seo\/ -->\n<title>Postes - e-guma | Syst\u00e8me de bons cadeaux et de billetterie<\/title>\n<meta name=\"robots\" content=\"index, follow, max-snippet:-1, max-image-preview:large, max-video-preview:-1\" \/>\n<link rel=\"canonical\" href=\"https:\/\/www.e-guma.ch\/fr\/a-propos-de-nous\/postes\/\" \/>\n<meta property=\"og:locale\" content=\"fr_FR\" \/>\n<meta property=\"og:type\" content=\"article\" \/>\n<meta property=\"og:title\" content=\"Postes - e-guma | Syst\u00e8me de bons cadeaux et de billetterie\" \/>\n<meta property=\"og:url\" content=\"https:\/\/www.e-guma.ch\/fr\/a-propos-de-nous\/postes\/\" \/>\n<meta property=\"og:site_name\" content=\"e-guma | Syst\u00e8me de bons cadeaux et de billetterie\" \/>\n<meta property=\"article:modified_time\" content=\"2025-10-16T09:53:46+00:00\" \/>\n<meta property=\"og:image\" content=\"https:\/\/www.e-guma.ch\/fr\/wp-content\/uploads\/2020\/04\/eguma_jobs.jpg\" \/>\n<meta name=\"twitter:card\" content=\"summary_large_image\" \/>\n<meta name=\"twitter:label1\" content=\"Dur\u00e9e de lecture estim\u00e9e\" \/>\n\t<meta name=\"twitter:data1\" content=\"2 minutes\" \/>\n<script type=\"application\/ld+json\" class=\"yoast-schema-graph\">{\"@context\":\"https:\/\/schema.org\",\"@graph\":[{\"@type\":\"WebPage\",\"@id\":\"https:\/\/www.e-guma.ch\/fr\/a-propos-de-nous\/postes\/\",\"url\":\"https:\/\/www.e-guma.ch\/fr\/a-propos-de-nous\/postes\/\",\"name\":\"Postes - e-guma | Syst\u00e8me de bons cadeaux et de billetterie\",\"isPartOf\":{\"@id\":\"https:\/\/www.e-guma.ch\/fr\/#website\"},\"primaryImageOfPage\":{\"@id\":\"https:\/\/www.e-guma.ch\/fr\/a-propos-de-nous\/postes\/#primaryimage\"},\"image\":{\"@id\":\"https:\/\/www.e-guma.ch\/fr\/a-propos-de-nous\/postes\/#primaryimage\"},\"thumbnailUrl\":\"https:\/\/www.e-guma.ch\/fr\/wp-content\/uploads\/2020\/04\/eguma_jobs.jpg\",\"datePublished\":\"2020-07-16T08:44:32+00:00\",\"dateModified\":\"2025-10-16T09:53:46+00:00\",\"breadcrumb\":{\"@id\":\"https:\/\/www.e-guma.ch\/fr\/a-propos-de-nous\/postes\/#breadcrumb\"},\"inLanguage\":\"fr\",\"potentialAction\":[{\"@type\":\"ReadAction\",\"target\":[\"https:\/\/www.e-guma.ch\/fr\/a-propos-de-nous\/postes\/\"]}]},{\"@type\":\"ImageObject\",\"inLanguage\":\"fr\",\"@id\":\"https:\/\/www.e-guma.ch\/fr\/a-propos-de-nous\/postes\/#primaryimage\",\"url\":\"https:\/\/eguma-wordpress.s3.amazonaws.com\/fr\/uploads\/2020\/04\/eguma_jobs.jpg\",\"contentUrl\":\"https:\/\/eguma-wordpress.s3.amazonaws.com\/fr\/uploads\/2020\/04\/eguma_jobs.jpg\",\"width\":2000,\"height\":947,\"caption\":\"e-guma Header Jobs\"},{\"@type\":\"BreadcrumbList\",\"@id\":\"https:\/\/www.e-guma.ch\/fr\/a-propos-de-nous\/postes\/#breadcrumb\",\"itemListElement\":[{\"@type\":\"ListItem\",\"position\":1,\"name\":\"Home\",\"item\":\"https:\/\/www.e-guma.ch\/fr\/\"},{\"@type\":\"ListItem\",\"position\":2,\"name\":\"\u00c0 propos de nous\",\"item\":\"https:\/\/www.e-guma.ch\/fr\/a-propos-de-nous\/\"},{\"@type\":\"ListItem\",\"position\":3,\"name\":\"Postes\"}]},{\"@type\":\"WebSite\",\"@id\":\"https:\/\/www.e-guma.ch\/fr\/#website\",\"url\":\"https:\/\/www.e-guma.ch\/fr\/\",\"name\":\"e-guma | Syst\u00e8me de bons cadeaux et de billetterie\",\"description\":\"\",\"potentialAction\":[{\"@type\":\"SearchAction\",\"target\":{\"@type\":\"EntryPoint\",\"urlTemplate\":\"https:\/\/www.e-guma.ch\/fr\/?s={search_term_string}\"},\"query-input\":\"required name=search_term_string\"}],\"inLanguage\":\"fr\"}]}<\/script>\n<!-- \/ Yoast SEO plugin. -->","yoast_head_json":{"title":"Postes - e-guma | Syst\u00e8me de bons cadeaux et de billetterie","robots":{"index":"index","follow":"follow","max-snippet":"max-snippet:-1","max-image-preview":"max-image-preview:large","max-video-preview":"max-video-preview:-1"},"canonical":"https:\/\/www.e-guma.ch\/fr\/a-propos-de-nous\/postes\/","og_locale":"fr_FR","og_type":"article","og_title":"Postes - e-guma | Syst\u00e8me de bons cadeaux et de billetterie","og_url":"https:\/\/www.e-guma.ch\/fr\/a-propos-de-nous\/postes\/","og_site_name":"e-guma | Syst\u00e8me de bons cadeaux et de billetterie","article_modified_time":"2025-10-16T09:53:46+00:00","og_image":[{"url":"https:\/\/www.e-guma.ch\/fr\/wp-content\/uploads\/2020\/04\/eguma_jobs.jpg"}],"twitter_card":"summary_large_image","twitter_misc":{"Dur\u00e9e de lecture estim\u00e9e":"2 minutes"},"schema":{"@context":"https:\/\/schema.org","@graph":[{"@type":"WebPage","@id":"https:\/\/www.e-guma.ch\/fr\/a-propos-de-nous\/postes\/","url":"https:\/\/www.e-guma.ch\/fr\/a-propos-de-nous\/postes\/","name":"Postes - e-guma | Syst\u00e8me de bons cadeaux et de billetterie","isPartOf":{"@id":"https:\/\/www.e-guma.ch\/fr\/#website"},"primaryImageOfPage":{"@id":"https:\/\/www.e-guma.ch\/fr\/a-propos-de-nous\/postes\/#primaryimage"},"image":{"@id":"https:\/\/www.e-guma.ch\/fr\/a-propos-de-nous\/postes\/#primaryimage"},"thumbnailUrl":"https:\/\/www.e-guma.ch\/fr\/wp-content\/uploads\/2020\/04\/eguma_jobs.jpg","datePublished":"2020-07-16T08:44:32+00:00","dateModified":"2025-10-16T09:53:46+00:00","breadcrumb":{"@id":"https:\/\/www.e-guma.ch\/fr\/a-propos-de-nous\/postes\/#breadcrumb"},"inLanguage":"fr","potentialAction":[{"@type":"ReadAction","target":["https:\/\/www.e-guma.ch\/fr\/a-propos-de-nous\/postes\/"]}]},{"@type":"ImageObject","inLanguage":"fr","@id":"https:\/\/www.e-guma.ch\/fr\/a-propos-de-nous\/postes\/#primaryimage","url":"https:\/\/eguma-wordpress.s3.amazonaws.com\/fr\/uploads\/2020\/04\/eguma_jobs.jpg","contentUrl":"https:\/\/eguma-wordpress.s3.amazonaws.com\/fr\/uploads\/2020\/04\/eguma_jobs.jpg","width":2000,"height":947,"caption":"e-guma Header Jobs"},{"@type":"BreadcrumbList","@id":"https:\/\/www.e-guma.ch\/fr\/a-propos-de-nous\/postes\/#breadcrumb","itemListElement":[{"@type":"ListItem","position":1,"name":"Home","item":"https:\/\/www.e-guma.ch\/fr\/"},{"@type":"ListItem","position":2,"name":"\u00c0 propos de nous","item":"https:\/\/www.e-guma.ch\/fr\/a-propos-de-nous\/"},{"@type":"ListItem","position":3,"name":"Postes"}]},{"@type":"WebSite","@id":"https:\/\/www.e-guma.ch\/fr\/#website","url":"https:\/\/www.e-guma.ch\/fr\/","name":"e-guma | Syst\u00e8me de bons cadeaux et de billetterie","description":"","potentialAction":[{"@type":"SearchAction","target":{"@type":"EntryPoint","urlTemplate":"https:\/\/www.e-guma.ch\/fr\/?s={search_term_string}"},"query-input":"required name=search_term_string"}],"inLanguage":"fr"}]}},"_links":{"self":[{"href":"https:\/\/www.e-guma.ch\/fr\/wp-json\/wp\/v2\/pages\/8071","targetHints":{"allow":["GET"]}}],"collection":[{"href":"https:\/\/www.e-guma.ch\/fr\/wp-json\/wp\/v2\/pages"}],"about":[{"href":"https:\/\/www.e-guma.ch\/fr\/wp-json\/wp\/v2\/types\/page"}],"author":[{"embeddable":true,"href":"https:\/\/www.e-guma.ch\/fr\/wp-json\/wp\/v2\/users\/4"}],"replies":[{"embeddable":true,"href":"https:\/\/www.e-guma.ch\/fr\/wp-json\/wp\/v2\/comments?post=8071"}],"version-history":[{"count":22,"href":"https:\/\/www.e-guma.ch\/fr\/wp-json\/wp\/v2\/pages\/8071\/revisions"}],"predecessor-version":[{"id":14570,"href":"https:\/\/www.e-guma.ch\/fr\/wp-json\/wp\/v2\/pages\/8071\/revisions\/14570"}],"up":[{"embeddable":true,"href":"https:\/\/www.e-guma.ch\/fr\/wp-json\/wp\/v2\/pages\/7986"}],"wp:attachment":[{"href":"https:\/\/www.e-guma.ch\/fr\/wp-json\/wp\/v2\/media?parent=8071"}],"curies":[{"name":"wp","href":"https:\/\/api.w.org\/{rel}","templated":true}]}}