{"id":7701,"date":"2020-07-15T10:13:29","date_gmt":"2020-07-15T10:13:29","guid":{"rendered":"https:\/\/www.e-guma.ch\/fr\/newsletter\/"},"modified":"2025-10-16T11:41:22","modified_gmt":"2025-10-16T09:41:22","slug":"newsletter","status":"publish","type":"page","link":"https:\/\/www.e-guma.ch\/fr\/newsletter\/","title":{"rendered":"Newsletter"},"content":{"rendered":"\n<div class=\"wp-block-eguma-hero-header c-hero-wrapper is-style-small\"><div class=\"c-hero-header\"><img decoding=\"async\" alt=\"e-guma Header Blog\" src=\"https:\/\/www.e-guma.ch\/fr\/wp-content\/uploads\/2020\/04\/eguma_blog.jpg\" srcset=\"https:\/\/eguma-wp.imgix.net\/https%3A%2F%2Fwww.e-guma.ch%2Ffr%2Fwp-content%2Fuploads%2F2020%2F04%2Feguma_blog.jpg?ixlib=js-2.3.2&amp;auto=format&amp;w=100&amp;s=0aff416865e65ceeaa3ba7d5523bb352 100w,\nhttps:\/\/eguma-wp.imgix.net\/https%3A%2F%2Fwww.e-guma.ch%2Ffr%2Fwp-content%2Fuploads%2F2020%2F04%2Feguma_blog.jpg?ixlib=js-2.3.2&amp;auto=format&amp;w=116&amp;s=ff508832596a25dee9fbdf4dcfd40ddd 116w,\nhttps:\/\/eguma-wp.imgix.net\/https%3A%2F%2Fwww.e-guma.ch%2Ffr%2Fwp-content%2Fuploads%2F2020%2F04%2Feguma_blog.jpg?ixlib=js-2.3.2&amp;auto=format&amp;w=134&amp;s=136613c4ed80173cf45806878646495c 134w,\nhttps:\/\/eguma-wp.imgix.net\/https%3A%2F%2Fwww.e-guma.ch%2Ffr%2Fwp-content%2Fuploads%2F2020%2F04%2Feguma_blog.jpg?ixlib=js-2.3.2&amp;auto=format&amp;w=156&amp;s=56cdd5ef0f863ea534a7320c6367ec68 156w,\nhttps:\/\/eguma-wp.imgix.net\/https%3A%2F%2Fwww.e-guma.ch%2Ffr%2Fwp-content%2Fuploads%2F2020%2F04%2Feguma_blog.jpg?ixlib=js-2.3.2&amp;auto=format&amp;w=182&amp;s=86fb8d699d4c1702efa02e22aa3c4298 182w,\nhttps:\/\/eguma-wp.imgix.net\/https%3A%2F%2Fwww.e-guma.ch%2Ffr%2Fwp-content%2Fuploads%2F2020%2F04%2Feguma_blog.jpg?ixlib=js-2.3.2&amp;auto=format&amp;w=210&amp;s=0f48517d293227ca6dc94523333277fa 210w,\nhttps:\/\/eguma-wp.imgix.net\/https%3A%2F%2Fwww.e-guma.ch%2Ffr%2Fwp-content%2Fuploads%2F2020%2F04%2Feguma_blog.jpg?ixlib=js-2.3.2&amp;auto=format&amp;w=244&amp;s=a7a1191d7fe3db4c9ea5b4d60938859c 244w,\nhttps:\/\/eguma-wp.imgix.net\/https%3A%2F%2Fwww.e-guma.ch%2Ffr%2Fwp-content%2Fuploads%2F2020%2F04%2Feguma_blog.jpg?ixlib=js-2.3.2&amp;auto=format&amp;w=282&amp;s=c16462add4b7da3dced729fa7ca08eb2 282w,\nhttps:\/\/eguma-wp.imgix.net\/https%3A%2F%2Fwww.e-guma.ch%2Ffr%2Fwp-content%2Fuploads%2F2020%2F04%2Feguma_blog.jpg?ixlib=js-2.3.2&amp;auto=format&amp;w=328&amp;s=2fcc30a14048ca43bf3eb780f53fc3e7 328w,\nhttps:\/\/eguma-wp.imgix.net\/https%3A%2F%2Fwww.e-guma.ch%2Ffr%2Fwp-content%2Fuploads%2F2020%2F04%2Feguma_blog.jpg?ixlib=js-2.3.2&amp;auto=format&amp;w=380&amp;s=65bcbad840e4c7f26912be3b69217110 380w,\nhttps:\/\/eguma-wp.imgix.net\/https%3A%2F%2Fwww.e-guma.ch%2Ffr%2Fwp-content%2Fuploads%2F2020%2F04%2Feguma_blog.jpg?ixlib=js-2.3.2&amp;auto=format&amp;w=442&amp;s=f46061c52148f626238c7a8c2ca3e73e 442w,\nhttps:\/\/eguma-wp.imgix.net\/https%3A%2F%2Fwww.e-guma.ch%2Ffr%2Fwp-content%2Fuploads%2F2020%2F04%2Feguma_blog.jpg?ixlib=js-2.3.2&amp;auto=format&amp;w=512&amp;s=08a49abf45cf1a32e45f1916b11bdf18 512w,\nhttps:\/\/eguma-wp.imgix.net\/https%3A%2F%2Fwww.e-guma.ch%2Ffr%2Fwp-content%2Fuploads%2F2020%2F04%2Feguma_blog.jpg?ixlib=js-2.3.2&amp;auto=format&amp;w=594&amp;s=39ad1f43e12102f9f87306133141743d 594w,\nhttps:\/\/eguma-wp.imgix.net\/https%3A%2F%2Fwww.e-guma.ch%2Ffr%2Fwp-content%2Fuploads%2F2020%2F04%2Feguma_blog.jpg?ixlib=js-2.3.2&amp;auto=format&amp;w=688&amp;s=1872440ab46e6ab3c9586885341d1ef5 688w,\nhttps:\/\/eguma-wp.imgix.net\/https%3A%2F%2Fwww.e-guma.ch%2Ffr%2Fwp-content%2Fuploads%2F2020%2F04%2Feguma_blog.jpg?ixlib=js-2.3.2&amp;auto=format&amp;w=798&amp;s=76c0b664d505568cf1fbcf40e0c82ebb 798w,\nhttps:\/\/eguma-wp.imgix.net\/https%3A%2F%2Fwww.e-guma.ch%2Ffr%2Fwp-content%2Fuploads%2F2020%2F04%2Feguma_blog.jpg?ixlib=js-2.3.2&amp;auto=format&amp;w=926&amp;s=641fd4d3ec7bd654bf95a03f2ef1b4f5 926w,\nhttps:\/\/eguma-wp.imgix.net\/https%3A%2F%2Fwww.e-guma.ch%2Ffr%2Fwp-content%2Fuploads%2F2020%2F04%2Feguma_blog.jpg?ixlib=js-2.3.2&amp;auto=format&amp;w=1074&amp;s=64a3183c6376bcce02d196607aa019a2 1074w,\nhttps:\/\/eguma-wp.imgix.net\/https%3A%2F%2Fwww.e-guma.ch%2Ffr%2Fwp-content%2Fuploads%2F2020%2F04%2Feguma_blog.jpg?ixlib=js-2.3.2&amp;auto=format&amp;w=1246&amp;s=9f6b0e23af8ba8d76bcbf30eac93ad60 1246w,\nhttps:\/\/eguma-wp.imgix.net\/https%3A%2F%2Fwww.e-guma.ch%2Ffr%2Fwp-content%2Fuploads%2F2020%2F04%2Feguma_blog.jpg?ixlib=js-2.3.2&amp;auto=format&amp;w=1446&amp;s=f169d0d9144028330b456be3fdda3a47 1446w,\nhttps:\/\/eguma-wp.imgix.net\/https%3A%2F%2Fwww.e-guma.ch%2Ffr%2Fwp-content%2Fuploads%2F2020%2F04%2Feguma_blog.jpg?ixlib=js-2.3.2&amp;auto=format&amp;w=1678&amp;s=592ce7929bc636ddfeff964235e2c53a 1678w,\nhttps:\/\/eguma-wp.imgix.net\/https%3A%2F%2Fwww.e-guma.ch%2Ffr%2Fwp-content%2Fuploads%2F2020%2F04%2Feguma_blog.jpg?ixlib=js-2.3.2&amp;auto=format&amp;w=1946&amp;s=82cd5cba416332210c5db781d7276376 1946w,\nhttps:\/\/eguma-wp.imgix.net\/https%3A%2F%2Fwww.e-guma.ch%2Ffr%2Fwp-content%2Fuploads%2F2020%2F04%2Feguma_blog.jpg?ixlib=js-2.3.2&amp;auto=format&amp;w=2258&amp;s=e009a0ab6de85a8fc05ebac68856a42d 2258w,\nhttps:\/\/eguma-wp.imgix.net\/https%3A%2F%2Fwww.e-guma.ch%2Ffr%2Fwp-content%2Fuploads%2F2020%2F04%2Feguma_blog.jpg?ixlib=js-2.3.2&amp;auto=format&amp;w=2618&amp;s=a4815e0b75f97b79f269ca024d0618cd 2618w,\nhttps:\/\/eguma-wp.imgix.net\/https%3A%2F%2Fwww.e-guma.ch%2Ffr%2Fwp-content%2Fuploads%2F2020%2F04%2Feguma_blog.jpg?ixlib=js-2.3.2&amp;auto=format&amp;w=3038&amp;s=c074f58616107fc660bd04fbb24408ce 3038w,\nhttps:\/\/eguma-wp.imgix.net\/https%3A%2F%2Fwww.e-guma.ch%2Ffr%2Fwp-content%2Fuploads%2F2020%2F04%2Feguma_blog.jpg?ixlib=js-2.3.2&amp;auto=format&amp;w=3524&amp;s=965d6fef6e6891b0eae2ed826dc9b229 3524w,\nhttps:\/\/eguma-wp.imgix.net\/https%3A%2F%2Fwww.e-guma.ch%2Ffr%2Fwp-content%2Fuploads%2F2020%2F04%2Feguma_blog.jpg?ixlib=js-2.3.2&amp;auto=format&amp;w=4088&amp;s=7a303a29bb501647d00e725db026a6fe 4088w,\nhttps:\/\/eguma-wp.imgix.net\/https%3A%2F%2Fwww.e-guma.ch%2Ffr%2Fwp-content%2Fuploads%2F2020%2F04%2Feguma_blog.jpg?ixlib=js-2.3.2&amp;auto=format&amp;w=4742&amp;s=bec391589762ccd75c1aa3f2179b0d8f 4742w,\nhttps:\/\/eguma-wp.imgix.net\/https%3A%2F%2Fwww.e-guma.ch%2Ffr%2Fwp-content%2Fuploads%2F2020%2F04%2Feguma_blog.jpg?ixlib=js-2.3.2&amp;auto=format&amp;w=5500&amp;s=aa8c36b90a28749f08896247b7023af4 5500w,\nhttps:\/\/eguma-wp.imgix.net\/https%3A%2F%2Fwww.e-guma.ch%2Ffr%2Fwp-content%2Fuploads%2F2020%2F04%2Feguma_blog.jpg?ixlib=js-2.3.2&amp;auto=format&amp;w=6380&amp;s=35472fe317e75e768376a8751142f3f3 6380w,\nhttps:\/\/eguma-wp.imgix.net\/https%3A%2F%2Fwww.e-guma.ch%2Ffr%2Fwp-content%2Fuploads%2F2020%2F04%2Feguma_blog.jpg?ixlib=js-2.3.2&amp;auto=format&amp;w=7400&amp;s=01dc350d2948314d9e8879fb14310fa3 7400w,\nhttps:\/\/eguma-wp.imgix.net\/https%3A%2F%2Fwww.e-guma.ch%2Ffr%2Fwp-content%2Fuploads%2F2020%2F04%2Feguma_blog.jpg?ixlib=js-2.3.2&amp;auto=format&amp;w=8192&amp;s=dacbd180ee39fcae3eedde77dd290f6e 8192w\" sizes=\"100vw\"\/><div class=\"c-hero-header__overlay\">\n<div class=\"m-richtext align--center\"><div class=\"l-constrainer\"><div class=\"c-richtext\">\n<h1 class=\"wp-block-heading\"><\/h1>\n\n\n\n<p><\/p>\n<\/div><\/div><\/div>\n<\/div><\/div><\/div>\n\n\n\n<div class=\"m-article align--center\" data-module=\"article\"><div class=\"l-constrainer\">\n<div class=\"m-richtext align--center\"><div class=\"l-constrainer\"><div class=\"c-richtext\">\n<h1 class=\"wp-block-heading\">Newsletter<\/h1>\n\n\n\n<p>Inscrivez-vous \u00e0 notre newsletter et nous vous informerons des derniers d\u00e9veloppements et des caract\u00e9ristiques du syst\u00e8me de bons cadeaux et de billets e-guma. Obtenez des conseils et des astuces directement aupr\u00e8s des cr\u00e9ateurs de l&rsquo;e-guma et restez \u00e0 la page pour que votre entreprise puisse \u00e9galement b\u00e9n\u00e9ficier des d\u00e9veloppements ult\u00e9rieurs de l&rsquo;e-guma.<\/p>\n\n\n\n<h3 class=\"wp-block-heading\">Inscription<\/h3>\n\n\n\n<script>(function() {\n\twindow.mc4wp = window.mc4wp || {\n\t\tlisteners: [],\n\t\tforms: {\n\t\t\ton: function(evt, cb) {\n\t\t\t\twindow.mc4wp.listeners.push(\n\t\t\t\t\t{\n\t\t\t\t\t\tevent   : evt,\n\t\t\t\t\t\tcallback: cb\n\t\t\t\t\t}\n\t\t\t\t);\n\t\t\t}\n\t\t}\n\t}\n})();\n<\/script><!-- Mailchimp for WordPress v4.12.1 - https:\/\/wordpress.org\/plugins\/mailchimp-for-wp\/ --><form id=\"mc4wp-form-1\" class=\"mc4wp-form mc4wp-form-11283 mc4wp-form-theme mc4wp-form-theme-blue\" method=\"post\" data-id=\"11283\" data-name=\"Newsletter Anmeldung\" ><div class=\"mc4wp-form-fields\"><p>\r\n\t<label>Adresse e-mail * \r\n\t\t<input type=\"email\" name=\"EMAIL\" placeholder=\"\" required \/>\r\n<\/label>\r\n<\/p>\r\n<p>\r\n\t<input type=\"submit\" value=\"Inscrirer\" \/>\r\n<\/p>\r\n\r\nEn utilisant ce formulaire, vous acceptez le stockage et le traitement de vos donn\u00e9es par le logiciel de newsletter MailChimp. Vous pouvez vous d\u00e9sabonner de la newsletter \u00e0 tout moment en cliquant sur le lien de d\u00e9sabonnement en bas du message re\u00e7u.<\/div><label style=\"display: none !important;\">Laissez ce champ vide si vous \u00eates humain\u00a0: <input type=\"text\" name=\"_mc4wp_honeypot\" value=\"\" tabindex=\"-1\" autocomplete=\"off\" \/><\/label><input type=\"hidden\" name=\"_mc4wp_timestamp\" value=\"1775752987\" \/><input type=\"hidden\" name=\"_mc4wp_form_id\" value=\"11283\" \/><input type=\"hidden\" name=\"_mc4wp_form_element_id\" value=\"mc4wp-form-1\" \/><div class=\"mc4wp-response\"><\/div><\/form><!-- \/ Mailchimp for WordPress Plugin -->\n\n\n\n<p><\/p>\n<\/div><\/div><\/div>\n<\/div><\/div>\n","protected":false},"excerpt":{"rendered":"","protected":false},"author":4,"featured_media":0,"parent":0,"menu_order":101,"comment_status":"closed","ping_status":"closed","template":"","meta":{"_acf_changed":false,"footnotes":""},"class_list":["post-7701","page","type-page","status-publish","hentry"],"acf":[],"yoast_head":"<!-- This site is optimized with the Yoast SEO plugin v23.2 - https:\/\/yoast.com\/wordpress\/plugins\/seo\/ -->\n<title>Newsletter - e-guma | Syst\u00e8me de bons cadeaux et de billetterie<\/title>\n<meta name=\"robots\" content=\"index, follow, max-snippet:-1, max-image-preview:large, max-video-preview:-1\" \/>\n<link rel=\"canonical\" href=\"https:\/\/www.e-guma.ch\/fr\/newsletter\/\" \/>\n<meta property=\"og:locale\" content=\"fr_FR\" \/>\n<meta property=\"og:type\" content=\"article\" \/>\n<meta property=\"og:title\" content=\"Newsletter - e-guma | Syst\u00e8me de bons cadeaux et de billetterie\" \/>\n<meta property=\"og:url\" content=\"https:\/\/www.e-guma.ch\/fr\/newsletter\/\" \/>\n<meta property=\"og:site_name\" content=\"e-guma | Syst\u00e8me de bons cadeaux et de billetterie\" \/>\n<meta property=\"article:modified_time\" content=\"2025-10-16T09:41:22+00:00\" \/>\n<meta property=\"og:image\" content=\"https:\/\/www.e-guma.ch\/fr\/wp-content\/uploads\/2020\/04\/eguma_blog.jpg\" \/>\n<meta name=\"twitter:card\" content=\"summary_large_image\" \/>\n<meta name=\"twitter:label1\" content=\"Dur\u00e9e de lecture estim\u00e9e\" \/>\n\t<meta name=\"twitter:data1\" content=\"1 minute\" \/>\n<script type=\"application\/ld+json\" class=\"yoast-schema-graph\">{\"@context\":\"https:\/\/schema.org\",\"@graph\":[{\"@type\":\"WebPage\",\"@id\":\"https:\/\/www.e-guma.ch\/fr\/newsletter\/\",\"url\":\"https:\/\/www.e-guma.ch\/fr\/newsletter\/\",\"name\":\"Newsletter - e-guma | Syst\u00e8me de bons cadeaux et de billetterie\",\"isPartOf\":{\"@id\":\"https:\/\/www.e-guma.ch\/fr\/#website\"},\"primaryImageOfPage\":{\"@id\":\"https:\/\/www.e-guma.ch\/fr\/newsletter\/#primaryimage\"},\"image\":{\"@id\":\"https:\/\/www.e-guma.ch\/fr\/newsletter\/#primaryimage\"},\"thumbnailUrl\":\"https:\/\/www.e-guma.ch\/fr\/wp-content\/uploads\/2020\/04\/eguma_blog.jpg\",\"datePublished\":\"2020-07-15T10:13:29+00:00\",\"dateModified\":\"2025-10-16T09:41:22+00:00\",\"breadcrumb\":{\"@id\":\"https:\/\/www.e-guma.ch\/fr\/newsletter\/#breadcrumb\"},\"inLanguage\":\"fr\",\"potentialAction\":[{\"@type\":\"ReadAction\",\"target\":[\"https:\/\/www.e-guma.ch\/fr\/newsletter\/\"]}]},{\"@type\":\"ImageObject\",\"inLanguage\":\"fr\",\"@id\":\"https:\/\/www.e-guma.ch\/fr\/newsletter\/#primaryimage\",\"url\":\"https:\/\/eguma-wordpress.s3.amazonaws.com\/fr\/uploads\/2020\/04\/eguma_blog.jpg\",\"contentUrl\":\"https:\/\/eguma-wordpress.s3.amazonaws.com\/fr\/uploads\/2020\/04\/eguma_blog.jpg\",\"width\":2000,\"height\":947,\"caption\":\"e-guma Header Blog\"},{\"@type\":\"BreadcrumbList\",\"@id\":\"https:\/\/www.e-guma.ch\/fr\/newsletter\/#breadcrumb\",\"itemListElement\":[{\"@type\":\"ListItem\",\"position\":1,\"name\":\"Home\",\"item\":\"https:\/\/www.e-guma.ch\/fr\/\"},{\"@type\":\"ListItem\",\"position\":2,\"name\":\"Newsletter\"}]},{\"@type\":\"WebSite\",\"@id\":\"https:\/\/www.e-guma.ch\/fr\/#website\",\"url\":\"https:\/\/www.e-guma.ch\/fr\/\",\"name\":\"e-guma | Syst\u00e8me de bons cadeaux et de billetterie\",\"description\":\"\",\"potentialAction\":[{\"@type\":\"SearchAction\",\"target\":{\"@type\":\"EntryPoint\",\"urlTemplate\":\"https:\/\/www.e-guma.ch\/fr\/?s={search_term_string}\"},\"query-input\":\"required name=search_term_string\"}],\"inLanguage\":\"fr\"}]}<\/script>\n<!-- \/ Yoast SEO plugin. -->","yoast_head_json":{"title":"Newsletter - e-guma | Syst\u00e8me de bons cadeaux et de billetterie","robots":{"index":"index","follow":"follow","max-snippet":"max-snippet:-1","max-image-preview":"max-image-preview:large","max-video-preview":"max-video-preview:-1"},"canonical":"https:\/\/www.e-guma.ch\/fr\/newsletter\/","og_locale":"fr_FR","og_type":"article","og_title":"Newsletter - e-guma | Syst\u00e8me de bons cadeaux et de billetterie","og_url":"https:\/\/www.e-guma.ch\/fr\/newsletter\/","og_site_name":"e-guma | Syst\u00e8me de bons cadeaux et de billetterie","article_modified_time":"2025-10-16T09:41:22+00:00","og_image":[{"url":"https:\/\/www.e-guma.ch\/fr\/wp-content\/uploads\/2020\/04\/eguma_blog.jpg"}],"twitter_card":"summary_large_image","twitter_misc":{"Dur\u00e9e de lecture estim\u00e9e":"1 minute"},"schema":{"@context":"https:\/\/schema.org","@graph":[{"@type":"WebPage","@id":"https:\/\/www.e-guma.ch\/fr\/newsletter\/","url":"https:\/\/www.e-guma.ch\/fr\/newsletter\/","name":"Newsletter - e-guma | Syst\u00e8me de bons cadeaux et de billetterie","isPartOf":{"@id":"https:\/\/www.e-guma.ch\/fr\/#website"},"primaryImageOfPage":{"@id":"https:\/\/www.e-guma.ch\/fr\/newsletter\/#primaryimage"},"image":{"@id":"https:\/\/www.e-guma.ch\/fr\/newsletter\/#primaryimage"},"thumbnailUrl":"https:\/\/www.e-guma.ch\/fr\/wp-content\/uploads\/2020\/04\/eguma_blog.jpg","datePublished":"2020-07-15T10:13:29+00:00","dateModified":"2025-10-16T09:41:22+00:00","breadcrumb":{"@id":"https:\/\/www.e-guma.ch\/fr\/newsletter\/#breadcrumb"},"inLanguage":"fr","potentialAction":[{"@type":"ReadAction","target":["https:\/\/www.e-guma.ch\/fr\/newsletter\/"]}]},{"@type":"ImageObject","inLanguage":"fr","@id":"https:\/\/www.e-guma.ch\/fr\/newsletter\/#primaryimage","url":"https:\/\/eguma-wordpress.s3.amazonaws.com\/fr\/uploads\/2020\/04\/eguma_blog.jpg","contentUrl":"https:\/\/eguma-wordpress.s3.amazonaws.com\/fr\/uploads\/2020\/04\/eguma_blog.jpg","width":2000,"height":947,"caption":"e-guma Header Blog"},{"@type":"BreadcrumbList","@id":"https:\/\/www.e-guma.ch\/fr\/newsletter\/#breadcrumb","itemListElement":[{"@type":"ListItem","position":1,"name":"Home","item":"https:\/\/www.e-guma.ch\/fr\/"},{"@type":"ListItem","position":2,"name":"Newsletter"}]},{"@type":"WebSite","@id":"https:\/\/www.e-guma.ch\/fr\/#website","url":"https:\/\/www.e-guma.ch\/fr\/","name":"e-guma | Syst\u00e8me de bons cadeaux et de billetterie","description":"","potentialAction":[{"@type":"SearchAction","target":{"@type":"EntryPoint","urlTemplate":"https:\/\/www.e-guma.ch\/fr\/?s={search_term_string}"},"query-input":"required name=search_term_string"}],"inLanguage":"fr"}]}},"_links":{"self":[{"href":"https:\/\/www.e-guma.ch\/fr\/wp-json\/wp\/v2\/pages\/7701","targetHints":{"allow":["GET"]}}],"collection":[{"href":"https:\/\/www.e-guma.ch\/fr\/wp-json\/wp\/v2\/pages"}],"about":[{"href":"https:\/\/www.e-guma.ch\/fr\/wp-json\/wp\/v2\/types\/page"}],"author":[{"embeddable":true,"href":"https:\/\/www.e-guma.ch\/fr\/wp-json\/wp\/v2\/users\/4"}],"replies":[{"embeddable":true,"href":"https:\/\/www.e-guma.ch\/fr\/wp-json\/wp\/v2\/comments?post=7701"}],"version-history":[{"count":7,"href":"https:\/\/www.e-guma.ch\/fr\/wp-json\/wp\/v2\/pages\/7701\/revisions"}],"predecessor-version":[{"id":14552,"href":"https:\/\/www.e-guma.ch\/fr\/wp-json\/wp\/v2\/pages\/7701\/revisions\/14552"}],"wp:attachment":[{"href":"https:\/\/www.e-guma.ch\/fr\/wp-json\/wp\/v2\/media?parent=7701"}],"curies":[{"name":"wp","href":"https:\/\/api.w.org\/{rel}","templated":true}]}}