{"id":3158,"date":"2020-04-03T12:07:36","date_gmt":"2020-04-03T12:07:36","guid":{"rendered":"https:\/\/www.e-guma.ch\/fr\/?page_id=3158"},"modified":"2022-09-30T09:42:18","modified_gmt":"2022-09-30T07:42:18","slug":"notfound","status":"publish","type":"page","link":"https:\/\/www.e-guma.ch\/fr\/notfound\/","title":{"rendered":"404"},"content":{"rendered":"\n<div class=\"wp-block-eguma-hero-header c-hero-wrapper is-style-small\"><div class=\"c-hero-header\"><img decoding=\"async\" alt=\"\" src=\"https:\/\/www.e-guma.ch\/fr\/wp-content\/uploads\/2020\/08\/e-guma_ueberuns-1.jpg\" srcset=\"https:\/\/eguma-wp.imgix.net\/https%3A%2F%2Fwww.e-guma.ch%2Ffr%2Fwp-content%2Fuploads%2F2020%2F08%2Fe-guma_ueberuns-1.jpg?ixlib=js-2.3.2&amp;auto=format&amp;w=100&amp;s=687ac37e2d764b07d183eebbecfa378a 100w,\nhttps:\/\/eguma-wp.imgix.net\/https%3A%2F%2Fwww.e-guma.ch%2Ffr%2Fwp-content%2Fuploads%2F2020%2F08%2Fe-guma_ueberuns-1.jpg?ixlib=js-2.3.2&amp;auto=format&amp;w=116&amp;s=45cf8c34f4696be6a80dd1755fa94a8b 116w,\nhttps:\/\/eguma-wp.imgix.net\/https%3A%2F%2Fwww.e-guma.ch%2Ffr%2Fwp-content%2Fuploads%2F2020%2F08%2Fe-guma_ueberuns-1.jpg?ixlib=js-2.3.2&amp;auto=format&amp;w=134&amp;s=290177c1b176d892083cf27a93365836 134w,\nhttps:\/\/eguma-wp.imgix.net\/https%3A%2F%2Fwww.e-guma.ch%2Ffr%2Fwp-content%2Fuploads%2F2020%2F08%2Fe-guma_ueberuns-1.jpg?ixlib=js-2.3.2&amp;auto=format&amp;w=156&amp;s=dbb73b02843a65018cac30dc4c7bb8d6 156w,\nhttps:\/\/eguma-wp.imgix.net\/https%3A%2F%2Fwww.e-guma.ch%2Ffr%2Fwp-content%2Fuploads%2F2020%2F08%2Fe-guma_ueberuns-1.jpg?ixlib=js-2.3.2&amp;auto=format&amp;w=182&amp;s=4ae443ac0c2141acfd7341af005255b5 182w,\nhttps:\/\/eguma-wp.imgix.net\/https%3A%2F%2Fwww.e-guma.ch%2Ffr%2Fwp-content%2Fuploads%2F2020%2F08%2Fe-guma_ueberuns-1.jpg?ixlib=js-2.3.2&amp;auto=format&amp;w=210&amp;s=e680bca696a5e16c1ae26453d4d9c71c 210w,\nhttps:\/\/eguma-wp.imgix.net\/https%3A%2F%2Fwww.e-guma.ch%2Ffr%2Fwp-content%2Fuploads%2F2020%2F08%2Fe-guma_ueberuns-1.jpg?ixlib=js-2.3.2&amp;auto=format&amp;w=244&amp;s=0193809f133268bb8745ee07607e9878 244w,\nhttps:\/\/eguma-wp.imgix.net\/https%3A%2F%2Fwww.e-guma.ch%2Ffr%2Fwp-content%2Fuploads%2F2020%2F08%2Fe-guma_ueberuns-1.jpg?ixlib=js-2.3.2&amp;auto=format&amp;w=282&amp;s=293cd5ea3bca77f37b89aea67eb26e97 282w,\nhttps:\/\/eguma-wp.imgix.net\/https%3A%2F%2Fwww.e-guma.ch%2Ffr%2Fwp-content%2Fuploads%2F2020%2F08%2Fe-guma_ueberuns-1.jpg?ixlib=js-2.3.2&amp;auto=format&amp;w=328&amp;s=a798a26457c9a369dc31669b33321b70 328w,\nhttps:\/\/eguma-wp.imgix.net\/https%3A%2F%2Fwww.e-guma.ch%2Ffr%2Fwp-content%2Fuploads%2F2020%2F08%2Fe-guma_ueberuns-1.jpg?ixlib=js-2.3.2&amp;auto=format&amp;w=380&amp;s=f487d283cf49d25b5db0fdd5ddb0cfe4 380w,\nhttps:\/\/eguma-wp.imgix.net\/https%3A%2F%2Fwww.e-guma.ch%2Ffr%2Fwp-content%2Fuploads%2F2020%2F08%2Fe-guma_ueberuns-1.jpg?ixlib=js-2.3.2&amp;auto=format&amp;w=442&amp;s=70bd57b3575755a50b33f9ec2276c163 442w,\nhttps:\/\/eguma-wp.imgix.net\/https%3A%2F%2Fwww.e-guma.ch%2Ffr%2Fwp-content%2Fuploads%2F2020%2F08%2Fe-guma_ueberuns-1.jpg?ixlib=js-2.3.2&amp;auto=format&amp;w=512&amp;s=bca50e89bc55ccba119705ee47e1512b 512w,\nhttps:\/\/eguma-wp.imgix.net\/https%3A%2F%2Fwww.e-guma.ch%2Ffr%2Fwp-content%2Fuploads%2F2020%2F08%2Fe-guma_ueberuns-1.jpg?ixlib=js-2.3.2&amp;auto=format&amp;w=594&amp;s=3cb10bda9cc082c4029ac56d8a9db2d4 594w,\nhttps:\/\/eguma-wp.imgix.net\/https%3A%2F%2Fwww.e-guma.ch%2Ffr%2Fwp-content%2Fuploads%2F2020%2F08%2Fe-guma_ueberuns-1.jpg?ixlib=js-2.3.2&amp;auto=format&amp;w=688&amp;s=0e839b72fb2eb0345572c685b420eafb 688w,\nhttps:\/\/eguma-wp.imgix.net\/https%3A%2F%2Fwww.e-guma.ch%2Ffr%2Fwp-content%2Fuploads%2F2020%2F08%2Fe-guma_ueberuns-1.jpg?ixlib=js-2.3.2&amp;auto=format&amp;w=798&amp;s=1524615faab62543f51ce6f3997325f8 798w,\nhttps:\/\/eguma-wp.imgix.net\/https%3A%2F%2Fwww.e-guma.ch%2Ffr%2Fwp-content%2Fuploads%2F2020%2F08%2Fe-guma_ueberuns-1.jpg?ixlib=js-2.3.2&amp;auto=format&amp;w=926&amp;s=e87d19691c68c7df06b52f4d3ec777af 926w,\nhttps:\/\/eguma-wp.imgix.net\/https%3A%2F%2Fwww.e-guma.ch%2Ffr%2Fwp-content%2Fuploads%2F2020%2F08%2Fe-guma_ueberuns-1.jpg?ixlib=js-2.3.2&amp;auto=format&amp;w=1074&amp;s=be783299d1d177f8b7d71fe4be013cdd 1074w,\nhttps:\/\/eguma-wp.imgix.net\/https%3A%2F%2Fwww.e-guma.ch%2Ffr%2Fwp-content%2Fuploads%2F2020%2F08%2Fe-guma_ueberuns-1.jpg?ixlib=js-2.3.2&amp;auto=format&amp;w=1246&amp;s=53d152ec2f148899bc29c646180131fe 1246w,\nhttps:\/\/eguma-wp.imgix.net\/https%3A%2F%2Fwww.e-guma.ch%2Ffr%2Fwp-content%2Fuploads%2F2020%2F08%2Fe-guma_ueberuns-1.jpg?ixlib=js-2.3.2&amp;auto=format&amp;w=1446&amp;s=05633e953a92d47634223971704d8ccd 1446w,\nhttps:\/\/eguma-wp.imgix.net\/https%3A%2F%2Fwww.e-guma.ch%2Ffr%2Fwp-content%2Fuploads%2F2020%2F08%2Fe-guma_ueberuns-1.jpg?ixlib=js-2.3.2&amp;auto=format&amp;w=1678&amp;s=2a91a1c153ac587244b100522deeea85 1678w,\nhttps:\/\/eguma-wp.imgix.net\/https%3A%2F%2Fwww.e-guma.ch%2Ffr%2Fwp-content%2Fuploads%2F2020%2F08%2Fe-guma_ueberuns-1.jpg?ixlib=js-2.3.2&amp;auto=format&amp;w=1946&amp;s=ddf1fc45a8b5823d03176432c7b1630b 1946w,\nhttps:\/\/eguma-wp.imgix.net\/https%3A%2F%2Fwww.e-guma.ch%2Ffr%2Fwp-content%2Fuploads%2F2020%2F08%2Fe-guma_ueberuns-1.jpg?ixlib=js-2.3.2&amp;auto=format&amp;w=2258&amp;s=7df82f7f26fb10977ee4d1970d64ff85 2258w,\nhttps:\/\/eguma-wp.imgix.net\/https%3A%2F%2Fwww.e-guma.ch%2Ffr%2Fwp-content%2Fuploads%2F2020%2F08%2Fe-guma_ueberuns-1.jpg?ixlib=js-2.3.2&amp;auto=format&amp;w=2618&amp;s=42023960442921f7f159475004bdcac3 2618w,\nhttps:\/\/eguma-wp.imgix.net\/https%3A%2F%2Fwww.e-guma.ch%2Ffr%2Fwp-content%2Fuploads%2F2020%2F08%2Fe-guma_ueberuns-1.jpg?ixlib=js-2.3.2&amp;auto=format&amp;w=3038&amp;s=10e04506db9ba202546373e1a069a780 3038w,\nhttps:\/\/eguma-wp.imgix.net\/https%3A%2F%2Fwww.e-guma.ch%2Ffr%2Fwp-content%2Fuploads%2F2020%2F08%2Fe-guma_ueberuns-1.jpg?ixlib=js-2.3.2&amp;auto=format&amp;w=3524&amp;s=1098da9e2e978e47777a55048b325942 3524w,\nhttps:\/\/eguma-wp.imgix.net\/https%3A%2F%2Fwww.e-guma.ch%2Ffr%2Fwp-content%2Fuploads%2F2020%2F08%2Fe-guma_ueberuns-1.jpg?ixlib=js-2.3.2&amp;auto=format&amp;w=4088&amp;s=e35bc860bab4e244d1e46eb153db328d 4088w,\nhttps:\/\/eguma-wp.imgix.net\/https%3A%2F%2Fwww.e-guma.ch%2Ffr%2Fwp-content%2Fuploads%2F2020%2F08%2Fe-guma_ueberuns-1.jpg?ixlib=js-2.3.2&amp;auto=format&amp;w=4742&amp;s=f4e98c8aee865da7b9ecb87d4e390ad7 4742w,\nhttps:\/\/eguma-wp.imgix.net\/https%3A%2F%2Fwww.e-guma.ch%2Ffr%2Fwp-content%2Fuploads%2F2020%2F08%2Fe-guma_ueberuns-1.jpg?ixlib=js-2.3.2&amp;auto=format&amp;w=5500&amp;s=df766db382d389cf6e54c6c69e9c3b29 5500w,\nhttps:\/\/eguma-wp.imgix.net\/https%3A%2F%2Fwww.e-guma.ch%2Ffr%2Fwp-content%2Fuploads%2F2020%2F08%2Fe-guma_ueberuns-1.jpg?ixlib=js-2.3.2&amp;auto=format&amp;w=6380&amp;s=09c1d1aa4743ab03c40271880a0d55f2 6380w,\nhttps:\/\/eguma-wp.imgix.net\/https%3A%2F%2Fwww.e-guma.ch%2Ffr%2Fwp-content%2Fuploads%2F2020%2F08%2Fe-guma_ueberuns-1.jpg?ixlib=js-2.3.2&amp;auto=format&amp;w=7400&amp;s=60ae37d04d1806ff8830af2b055b0fad 7400w,\nhttps:\/\/eguma-wp.imgix.net\/https%3A%2F%2Fwww.e-guma.ch%2Ffr%2Fwp-content%2Fuploads%2F2020%2F08%2Fe-guma_ueberuns-1.jpg?ixlib=js-2.3.2&amp;auto=format&amp;w=8192&amp;s=947f3110ce59dda50fa58bb0d08e9bd4 8192w\" sizes=\"100vw\"\/><div class=\"c-hero-header__overlay\"><\/div><\/div><\/div>\n\n\n\n<div class=\"m-article align--center\" data-module=\"article\"><div class=\"l-constrainer\">\n<div class=\"m-richtext align--center\"><div class=\"l-constrainer\"><div class=\"c-richtext\">\n<h2 class=\"wp-block-heading\">Que cherchiez-vous ?<\/h2>\n\n\n\n<p>Nous sommes d\u00e9sol\u00e9s, il n&rsquo;y a pas (plus) de site web avec cette adresse. Nous nous ferons un plaisir de vous aider \u00e0 trouver ce que vous cherchez. N&rsquo;h\u00e9sitez pas \u00e0 nous appeler ou \u00e0 nous envoyer un message.<\/p>\n\n\n\n<a class=\"c-link c-link--icon\" href=\"https:\/\/www.e-guma.ch\/fr\/a-propos-de-nous\/contact\/\" rel=\"noopener noreferrer\"><svg class=\"c-icon c-icon--16 c-icon--arrow-right\" xmlns=\"http:\/\/www.w3.org\/2000\/svg\"><use href=\"\/wp-content\/themes\/eguma-template\/frontend\/dist\/assets\/images\/svg-sprite.svg#sprite-arrow-right\"><\/use><\/svg><span class=\"link__lbl\">Contactez-nous<\/span><\/a>\n<\/div><\/div><\/div>\n<\/div><\/div>\n","protected":false},"excerpt":{"rendered":"","protected":false},"author":12,"featured_media":0,"parent":0,"menu_order":0,"comment_status":"closed","ping_status":"closed","template":"","meta":{"_acf_changed":false,"footnotes":""},"class_list":["post-3158","page","type-page","status-publish","hentry"],"acf":[],"yoast_head":"<!-- This site is optimized with the Yoast SEO plugin v23.2 - https:\/\/yoast.com\/wordpress\/plugins\/seo\/ -->\n<title>404 - e-guma | Syst\u00e8me de bons cadeaux et de billetterie<\/title>\n<meta name=\"robots\" content=\"index, follow, max-snippet:-1, max-image-preview:large, max-video-preview:-1\" \/>\n<link rel=\"canonical\" href=\"https:\/\/www.e-guma.ch\/fr\/notfound\/\" \/>\n<meta property=\"og:locale\" content=\"fr_FR\" \/>\n<meta property=\"og:type\" content=\"article\" \/>\n<meta property=\"og:title\" content=\"404 - e-guma | Syst\u00e8me de bons cadeaux et de billetterie\" \/>\n<meta property=\"og:url\" content=\"https:\/\/www.e-guma.ch\/fr\/notfound\/\" \/>\n<meta property=\"og:site_name\" content=\"e-guma | Syst\u00e8me de bons cadeaux et de billetterie\" \/>\n<meta property=\"article:modified_time\" content=\"2022-09-30T07:42:18+00:00\" \/>\n<meta property=\"og:image\" content=\"https:\/\/www.e-guma.ch\/fr\/wp-content\/uploads\/2020\/08\/e-guma_ueberuns-1.jpg\" \/>\n<meta name=\"twitter:card\" content=\"summary_large_image\" \/>\n<meta name=\"twitter:label1\" content=\"Dur\u00e9e de lecture estim\u00e9e\" \/>\n\t<meta name=\"twitter:data1\" content=\"1 minute\" \/>\n<script type=\"application\/ld+json\" class=\"yoast-schema-graph\">{\"@context\":\"https:\/\/schema.org\",\"@graph\":[{\"@type\":\"WebPage\",\"@id\":\"https:\/\/www.e-guma.ch\/fr\/notfound\/\",\"url\":\"https:\/\/www.e-guma.ch\/fr\/notfound\/\",\"name\":\"404 - e-guma | Syst\u00e8me de bons cadeaux et de billetterie\",\"isPartOf\":{\"@id\":\"https:\/\/www.e-guma.ch\/fr\/#website\"},\"primaryImageOfPage\":{\"@id\":\"https:\/\/www.e-guma.ch\/fr\/notfound\/#primaryimage\"},\"image\":{\"@id\":\"https:\/\/www.e-guma.ch\/fr\/notfound\/#primaryimage\"},\"thumbnailUrl\":\"https:\/\/www.e-guma.ch\/fr\/wp-content\/uploads\/2020\/08\/e-guma_ueberuns-1.jpg\",\"datePublished\":\"2020-04-03T12:07:36+00:00\",\"dateModified\":\"2022-09-30T07:42:18+00:00\",\"breadcrumb\":{\"@id\":\"https:\/\/www.e-guma.ch\/fr\/notfound\/#breadcrumb\"},\"inLanguage\":\"fr\",\"potentialAction\":[{\"@type\":\"ReadAction\",\"target\":[\"https:\/\/www.e-guma.ch\/fr\/notfound\/\"]}]},{\"@type\":\"ImageObject\",\"inLanguage\":\"fr\",\"@id\":\"https:\/\/www.e-guma.ch\/fr\/notfound\/#primaryimage\",\"url\":\"https:\/\/eguma-wordpress.s3.amazonaws.com\/fr\/uploads\/2020\/08\/e-guma_ueberuns-1.jpg\",\"contentUrl\":\"https:\/\/eguma-wordpress.s3.amazonaws.com\/fr\/uploads\/2020\/08\/e-guma_ueberuns-1.jpg\",\"width\":2000,\"height\":947},{\"@type\":\"BreadcrumbList\",\"@id\":\"https:\/\/www.e-guma.ch\/fr\/notfound\/#breadcrumb\",\"itemListElement\":[{\"@type\":\"ListItem\",\"position\":1,\"name\":\"Home\",\"item\":\"https:\/\/www.e-guma.ch\/fr\/\"},{\"@type\":\"ListItem\",\"position\":2,\"name\":\"404\"}]},{\"@type\":\"WebSite\",\"@id\":\"https:\/\/www.e-guma.ch\/fr\/#website\",\"url\":\"https:\/\/www.e-guma.ch\/fr\/\",\"name\":\"e-guma | Syst\u00e8me de bons cadeaux et de billetterie\",\"description\":\"\",\"potentialAction\":[{\"@type\":\"SearchAction\",\"target\":{\"@type\":\"EntryPoint\",\"urlTemplate\":\"https:\/\/www.e-guma.ch\/fr\/?s={search_term_string}\"},\"query-input\":\"required name=search_term_string\"}],\"inLanguage\":\"fr\"}]}<\/script>\n<!-- \/ Yoast SEO plugin. -->","yoast_head_json":{"title":"404 - e-guma | Syst\u00e8me de bons cadeaux et de billetterie","robots":{"index":"index","follow":"follow","max-snippet":"max-snippet:-1","max-image-preview":"max-image-preview:large","max-video-preview":"max-video-preview:-1"},"canonical":"https:\/\/www.e-guma.ch\/fr\/notfound\/","og_locale":"fr_FR","og_type":"article","og_title":"404 - e-guma | Syst\u00e8me de bons cadeaux et de billetterie","og_url":"https:\/\/www.e-guma.ch\/fr\/notfound\/","og_site_name":"e-guma | Syst\u00e8me de bons cadeaux et de billetterie","article_modified_time":"2022-09-30T07:42:18+00:00","og_image":[{"url":"https:\/\/www.e-guma.ch\/fr\/wp-content\/uploads\/2020\/08\/e-guma_ueberuns-1.jpg"}],"twitter_card":"summary_large_image","twitter_misc":{"Dur\u00e9e de lecture estim\u00e9e":"1 minute"},"schema":{"@context":"https:\/\/schema.org","@graph":[{"@type":"WebPage","@id":"https:\/\/www.e-guma.ch\/fr\/notfound\/","url":"https:\/\/www.e-guma.ch\/fr\/notfound\/","name":"404 - e-guma | Syst\u00e8me de bons cadeaux et de billetterie","isPartOf":{"@id":"https:\/\/www.e-guma.ch\/fr\/#website"},"primaryImageOfPage":{"@id":"https:\/\/www.e-guma.ch\/fr\/notfound\/#primaryimage"},"image":{"@id":"https:\/\/www.e-guma.ch\/fr\/notfound\/#primaryimage"},"thumbnailUrl":"https:\/\/www.e-guma.ch\/fr\/wp-content\/uploads\/2020\/08\/e-guma_ueberuns-1.jpg","datePublished":"2020-04-03T12:07:36+00:00","dateModified":"2022-09-30T07:42:18+00:00","breadcrumb":{"@id":"https:\/\/www.e-guma.ch\/fr\/notfound\/#breadcrumb"},"inLanguage":"fr","potentialAction":[{"@type":"ReadAction","target":["https:\/\/www.e-guma.ch\/fr\/notfound\/"]}]},{"@type":"ImageObject","inLanguage":"fr","@id":"https:\/\/www.e-guma.ch\/fr\/notfound\/#primaryimage","url":"https:\/\/eguma-wordpress.s3.amazonaws.com\/fr\/uploads\/2020\/08\/e-guma_ueberuns-1.jpg","contentUrl":"https:\/\/eguma-wordpress.s3.amazonaws.com\/fr\/uploads\/2020\/08\/e-guma_ueberuns-1.jpg","width":2000,"height":947},{"@type":"BreadcrumbList","@id":"https:\/\/www.e-guma.ch\/fr\/notfound\/#breadcrumb","itemListElement":[{"@type":"ListItem","position":1,"name":"Home","item":"https:\/\/www.e-guma.ch\/fr\/"},{"@type":"ListItem","position":2,"name":"404"}]},{"@type":"WebSite","@id":"https:\/\/www.e-guma.ch\/fr\/#website","url":"https:\/\/www.e-guma.ch\/fr\/","name":"e-guma | Syst\u00e8me de bons cadeaux et de billetterie","description":"","potentialAction":[{"@type":"SearchAction","target":{"@type":"EntryPoint","urlTemplate":"https:\/\/www.e-guma.ch\/fr\/?s={search_term_string}"},"query-input":"required name=search_term_string"}],"inLanguage":"fr"}]}},"_links":{"self":[{"href":"https:\/\/www.e-guma.ch\/fr\/wp-json\/wp\/v2\/pages\/3158","targetHints":{"allow":["GET"]}}],"collection":[{"href":"https:\/\/www.e-guma.ch\/fr\/wp-json\/wp\/v2\/pages"}],"about":[{"href":"https:\/\/www.e-guma.ch\/fr\/wp-json\/wp\/v2\/types\/page"}],"author":[{"embeddable":true,"href":"https:\/\/www.e-guma.ch\/fr\/wp-json\/wp\/v2\/users\/12"}],"replies":[{"embeddable":true,"href":"https:\/\/www.e-guma.ch\/fr\/wp-json\/wp\/v2\/comments?post=3158"}],"version-history":[{"count":5,"href":"https:\/\/www.e-guma.ch\/fr\/wp-json\/wp\/v2\/pages\/3158\/revisions"}],"predecessor-version":[{"id":12865,"href":"https:\/\/www.e-guma.ch\/fr\/wp-json\/wp\/v2\/pages\/3158\/revisions\/12865"}],"wp:attachment":[{"href":"https:\/\/www.e-guma.ch\/fr\/wp-json\/wp\/v2\/media?parent=3158"}],"curies":[{"name":"wp","href":"https:\/\/api.w.org\/{rel}","templated":true}]}}