{"id":12340,"date":"2021-11-19T10:29:27","date_gmt":"2021-11-19T09:29:27","guid":{"rendered":"https:\/\/www.e-guma.ch\/fr\/?page_id=12340"},"modified":"2025-10-23T12:33:10","modified_gmt":"2025-10-23T10:33:10","slug":"nouvelles-fonctions","status":"publish","type":"page","link":"https:\/\/www.e-guma.ch\/fr\/blog\/nouvelles-fonctions\/","title":{"rendered":"Blog &#8211; Nouvelles fonctions"},"content":{"rendered":"\n<div class=\"wp-block-eguma-hero-header c-hero-wrapper\"><div class=\"c-hero-header\"><img decoding=\"async\" alt=\"\" src=\"https:\/\/www.e-guma.ch\/fr\/wp-content\/uploads\/2020\/04\/eguma_blog.jpg\" srcset=\"https:\/\/eguma-wp.imgix.net\/https%3A%2F%2Fwww.e-guma.ch%2Ffr%2Fwp-content%2Fuploads%2F2020%2F04%2Feguma_blog.jpg?ixlib=js-2.3.2&amp;auto=format&amp;w=100&amp;s=0aff416865e65ceeaa3ba7d5523bb352 100w,\nhttps:\/\/eguma-wp.imgix.net\/https%3A%2F%2Fwww.e-guma.ch%2Ffr%2Fwp-content%2Fuploads%2F2020%2F04%2Feguma_blog.jpg?ixlib=js-2.3.2&amp;auto=format&amp;w=116&amp;s=ff508832596a25dee9fbdf4dcfd40ddd 116w,\nhttps:\/\/eguma-wp.imgix.net\/https%3A%2F%2Fwww.e-guma.ch%2Ffr%2Fwp-content%2Fuploads%2F2020%2F04%2Feguma_blog.jpg?ixlib=js-2.3.2&amp;auto=format&amp;w=134&amp;s=136613c4ed80173cf45806878646495c 134w,\nhttps:\/\/eguma-wp.imgix.net\/https%3A%2F%2Fwww.e-guma.ch%2Ffr%2Fwp-content%2Fuploads%2F2020%2F04%2Feguma_blog.jpg?ixlib=js-2.3.2&amp;auto=format&amp;w=156&amp;s=56cdd5ef0f863ea534a7320c6367ec68 156w,\nhttps:\/\/eguma-wp.imgix.net\/https%3A%2F%2Fwww.e-guma.ch%2Ffr%2Fwp-content%2Fuploads%2F2020%2F04%2Feguma_blog.jpg?ixlib=js-2.3.2&amp;auto=format&amp;w=182&amp;s=86fb8d699d4c1702efa02e22aa3c4298 182w,\nhttps:\/\/eguma-wp.imgix.net\/https%3A%2F%2Fwww.e-guma.ch%2Ffr%2Fwp-content%2Fuploads%2F2020%2F04%2Feguma_blog.jpg?ixlib=js-2.3.2&amp;auto=format&amp;w=210&amp;s=0f48517d293227ca6dc94523333277fa 210w,\nhttps:\/\/eguma-wp.imgix.net\/https%3A%2F%2Fwww.e-guma.ch%2Ffr%2Fwp-content%2Fuploads%2F2020%2F04%2Feguma_blog.jpg?ixlib=js-2.3.2&amp;auto=format&amp;w=244&amp;s=a7a1191d7fe3db4c9ea5b4d60938859c 244w,\nhttps:\/\/eguma-wp.imgix.net\/https%3A%2F%2Fwww.e-guma.ch%2Ffr%2Fwp-content%2Fuploads%2F2020%2F04%2Feguma_blog.jpg?ixlib=js-2.3.2&amp;auto=format&amp;w=282&amp;s=c16462add4b7da3dced729fa7ca08eb2 282w,\nhttps:\/\/eguma-wp.imgix.net\/https%3A%2F%2Fwww.e-guma.ch%2Ffr%2Fwp-content%2Fuploads%2F2020%2F04%2Feguma_blog.jpg?ixlib=js-2.3.2&amp;auto=format&amp;w=328&amp;s=2fcc30a14048ca43bf3eb780f53fc3e7 328w,\nhttps:\/\/eguma-wp.imgix.net\/https%3A%2F%2Fwww.e-guma.ch%2Ffr%2Fwp-content%2Fuploads%2F2020%2F04%2Feguma_blog.jpg?ixlib=js-2.3.2&amp;auto=format&amp;w=380&amp;s=65bcbad840e4c7f26912be3b69217110 380w,\nhttps:\/\/eguma-wp.imgix.net\/https%3A%2F%2Fwww.e-guma.ch%2Ffr%2Fwp-content%2Fuploads%2F2020%2F04%2Feguma_blog.jpg?ixlib=js-2.3.2&amp;auto=format&amp;w=442&amp;s=f46061c52148f626238c7a8c2ca3e73e 442w,\nhttps:\/\/eguma-wp.imgix.net\/https%3A%2F%2Fwww.e-guma.ch%2Ffr%2Fwp-content%2Fuploads%2F2020%2F04%2Feguma_blog.jpg?ixlib=js-2.3.2&amp;auto=format&amp;w=512&amp;s=08a49abf45cf1a32e45f1916b11bdf18 512w,\nhttps:\/\/eguma-wp.imgix.net\/https%3A%2F%2Fwww.e-guma.ch%2Ffr%2Fwp-content%2Fuploads%2F2020%2F04%2Feguma_blog.jpg?ixlib=js-2.3.2&amp;auto=format&amp;w=594&amp;s=39ad1f43e12102f9f87306133141743d 594w,\nhttps:\/\/eguma-wp.imgix.net\/https%3A%2F%2Fwww.e-guma.ch%2Ffr%2Fwp-content%2Fuploads%2F2020%2F04%2Feguma_blog.jpg?ixlib=js-2.3.2&amp;auto=format&amp;w=688&amp;s=1872440ab46e6ab3c9586885341d1ef5 688w,\nhttps:\/\/eguma-wp.imgix.net\/https%3A%2F%2Fwww.e-guma.ch%2Ffr%2Fwp-content%2Fuploads%2F2020%2F04%2Feguma_blog.jpg?ixlib=js-2.3.2&amp;auto=format&amp;w=798&amp;s=76c0b664d505568cf1fbcf40e0c82ebb 798w,\nhttps:\/\/eguma-wp.imgix.net\/https%3A%2F%2Fwww.e-guma.ch%2Ffr%2Fwp-content%2Fuploads%2F2020%2F04%2Feguma_blog.jpg?ixlib=js-2.3.2&amp;auto=format&amp;w=926&amp;s=641fd4d3ec7bd654bf95a03f2ef1b4f5 926w,\nhttps:\/\/eguma-wp.imgix.net\/https%3A%2F%2Fwww.e-guma.ch%2Ffr%2Fwp-content%2Fuploads%2F2020%2F04%2Feguma_blog.jpg?ixlib=js-2.3.2&amp;auto=format&amp;w=1074&amp;s=64a3183c6376bcce02d196607aa019a2 1074w,\nhttps:\/\/eguma-wp.imgix.net\/https%3A%2F%2Fwww.e-guma.ch%2Ffr%2Fwp-content%2Fuploads%2F2020%2F04%2Feguma_blog.jpg?ixlib=js-2.3.2&amp;auto=format&amp;w=1246&amp;s=9f6b0e23af8ba8d76bcbf30eac93ad60 1246w,\nhttps:\/\/eguma-wp.imgix.net\/https%3A%2F%2Fwww.e-guma.ch%2Ffr%2Fwp-content%2Fuploads%2F2020%2F04%2Feguma_blog.jpg?ixlib=js-2.3.2&amp;auto=format&amp;w=1446&amp;s=f169d0d9144028330b456be3fdda3a47 1446w,\nhttps:\/\/eguma-wp.imgix.net\/https%3A%2F%2Fwww.e-guma.ch%2Ffr%2Fwp-content%2Fuploads%2F2020%2F04%2Feguma_blog.jpg?ixlib=js-2.3.2&amp;auto=format&amp;w=1678&amp;s=592ce7929bc636ddfeff964235e2c53a 1678w,\nhttps:\/\/eguma-wp.imgix.net\/https%3A%2F%2Fwww.e-guma.ch%2Ffr%2Fwp-content%2Fuploads%2F2020%2F04%2Feguma_blog.jpg?ixlib=js-2.3.2&amp;auto=format&amp;w=1946&amp;s=82cd5cba416332210c5db781d7276376 1946w,\nhttps:\/\/eguma-wp.imgix.net\/https%3A%2F%2Fwww.e-guma.ch%2Ffr%2Fwp-content%2Fuploads%2F2020%2F04%2Feguma_blog.jpg?ixlib=js-2.3.2&amp;auto=format&amp;w=2258&amp;s=e009a0ab6de85a8fc05ebac68856a42d 2258w,\nhttps:\/\/eguma-wp.imgix.net\/https%3A%2F%2Fwww.e-guma.ch%2Ffr%2Fwp-content%2Fuploads%2F2020%2F04%2Feguma_blog.jpg?ixlib=js-2.3.2&amp;auto=format&amp;w=2618&amp;s=a4815e0b75f97b79f269ca024d0618cd 2618w,\nhttps:\/\/eguma-wp.imgix.net\/https%3A%2F%2Fwww.e-guma.ch%2Ffr%2Fwp-content%2Fuploads%2F2020%2F04%2Feguma_blog.jpg?ixlib=js-2.3.2&amp;auto=format&amp;w=3038&amp;s=c074f58616107fc660bd04fbb24408ce 3038w,\nhttps:\/\/eguma-wp.imgix.net\/https%3A%2F%2Fwww.e-guma.ch%2Ffr%2Fwp-content%2Fuploads%2F2020%2F04%2Feguma_blog.jpg?ixlib=js-2.3.2&amp;auto=format&amp;w=3524&amp;s=965d6fef6e6891b0eae2ed826dc9b229 3524w,\nhttps:\/\/eguma-wp.imgix.net\/https%3A%2F%2Fwww.e-guma.ch%2Ffr%2Fwp-content%2Fuploads%2F2020%2F04%2Feguma_blog.jpg?ixlib=js-2.3.2&amp;auto=format&amp;w=4088&amp;s=7a303a29bb501647d00e725db026a6fe 4088w,\nhttps:\/\/eguma-wp.imgix.net\/https%3A%2F%2Fwww.e-guma.ch%2Ffr%2Fwp-content%2Fuploads%2F2020%2F04%2Feguma_blog.jpg?ixlib=js-2.3.2&amp;auto=format&amp;w=4742&amp;s=bec391589762ccd75c1aa3f2179b0d8f 4742w,\nhttps:\/\/eguma-wp.imgix.net\/https%3A%2F%2Fwww.e-guma.ch%2Ffr%2Fwp-content%2Fuploads%2F2020%2F04%2Feguma_blog.jpg?ixlib=js-2.3.2&amp;auto=format&amp;w=5500&amp;s=aa8c36b90a28749f08896247b7023af4 5500w,\nhttps:\/\/eguma-wp.imgix.net\/https%3A%2F%2Fwww.e-guma.ch%2Ffr%2Fwp-content%2Fuploads%2F2020%2F04%2Feguma_blog.jpg?ixlib=js-2.3.2&amp;auto=format&amp;w=6380&amp;s=35472fe317e75e768376a8751142f3f3 6380w,\nhttps:\/\/eguma-wp.imgix.net\/https%3A%2F%2Fwww.e-guma.ch%2Ffr%2Fwp-content%2Fuploads%2F2020%2F04%2Feguma_blog.jpg?ixlib=js-2.3.2&amp;auto=format&amp;w=7400&amp;s=01dc350d2948314d9e8879fb14310fa3 7400w,\nhttps:\/\/eguma-wp.imgix.net\/https%3A%2F%2Fwww.e-guma.ch%2Ffr%2Fwp-content%2Fuploads%2F2020%2F04%2Feguma_blog.jpg?ixlib=js-2.3.2&amp;auto=format&amp;w=8192&amp;s=dacbd180ee39fcae3eedde77dd290f6e 8192w\" sizes=\"100vw\"\/><div class=\"c-hero-header__overlay\">\n<div class=\"m-richtext align--center\"><div class=\"l-constrainer\"><div class=\"c-richtext\">\n<h1 class=\"wp-block-heading\">Blog<\/h1>\n\n\n\n<h2 class=\"wp-block-heading\">Nouvelles fonctions<\/h2>\n\n\n\n<p>Derni\u00e8res fonctionnalit\u00e9s pour votre syst\u00e8me e-guma : toujours une longueur d&rsquo;avance.<\/p>\n<\/div><\/div><\/div>\n<\/div><\/div><\/div>\n\n\n\n<div class=\"m-article align--center\" data-module=\"article\"><div class=\"l-constrainer\">\n<div class=\"m-richtext align--center\"><div class=\"l-constrainer\"><div class=\"c-richtext\"><div  class=\"wp-block-ultimate-post-post-list-1 ultp-block-f5592b\"><div class=\"ultp-block-wrapper\"><div class=\"ultp-loading\"><div class=\"ultp-loading-blocks\" style=\"width:100%;height:100%;\"><div style=\"left: 0;top: 0;animation-delay:0s;\"><\/div><div style=\"left: 21px;top: 0;animation-delay:0.125s;\"><\/div><div style=\"left: 42px;top: 0;animation-delay:0.25s;\"><\/div><div style=\"left: 0;top: 21px;animation-delay:0.875s;\"><\/div><div style=\"left: 42px;top: 21px;animation-delay:0.375s;\"><\/div><div style=\"left: 0;top: 42px;animation-delay:0.75s;\"><\/div><div style=\"left: 42px;top: 42px;animation-delay:0.625s;\"><\/div><div style=\"left: 21px;top: 42px;animation-delay:0.5s;\"><\/div><\/div><\/div><div class=\"ultp-heading-filter\"><div class=\"ultp-heading-filter-in\"><div class=\"ultp-filter-navigation\"><\/div><\/div><\/div><div class=\"ultp-block-items-wrap ultp-block-row ultp-block-column-1 ultp-pl1a-style1 ultp-post-list1-layout1\"><div class=\"ultp-block-item post-id-12507\"><div class=\"ultp-block-content-wrap\"><div class=\"ultp-block-entry-content\"><div class=\"ultp-block-entry-heading\"><h2 class=\"ultp-block-title \"><a href=\"https:\/\/www.e-guma.ch\/fr\/blog\/decompter-les-bons-cadeaux\/\" >D\u00e9compter les bons cadeaux<\/a><\/h2><div class=\"ultp-block-meta ultp-block-meta- ultp-block-meta-noIcon\"><span class=\"ultp-block-author\">By<a href=\"https:\/\/www.e-guma.ch\/fr\/blog\/author\/dmeyer\/\">Denise Meyer<\/a><\/span><span class=\"ultp-post-read\">1 min read<\/span><\/div><\/div><div class=\"ultp-block-image ultp-block-image-opacity\"><a href=\"https:\/\/www.e-guma.ch\/fr\/blog\/decompter-les-bons-cadeaux\/\" ><img decoding=\"async\"  alt=\"D\u00e9compter les bons cadeaux\"  src=\"https:\/\/eguma-wordpress.s3.amazonaws.com\/fr\/uploads\/2022\/03\/e-guma_blog_gutscheine_ausbuchen.png\" \/><\/a><div class=\"ultp-category-img-grid\"><div class=\"ultp-category-grid ultp-category-classic ultp-category-topLeft\"><div class=\"ultp-category-in\"><a class=\"ultp-cat-nouvelles-fonctions\" href=\"https:\/\/www.e-guma.ch\/fr\/blog\/nouvelles-fonctions\"  >Nouvelles fonctions<\/a><a class=\"ultp-cat-systeme-de-bons-cadeaux\" href=\"https:\/\/www.e-guma.ch\/fr\/blog\/systeme-de-bons-cadeaux\"  >Syst\u00e8me de bons cadeaux<\/a><\/div><\/div><\/div><\/div><\/div><div class=\"ultp-block-content\"><div class=\"ultp-block-excerpt\"><p>Les bons cadeaux qui n&rsquo;ont pas \u00e9t\u00e9 valid\u00e9s apr\u00e8s un certain temps peuvent \u00eatre instantan\u00e9ment d\u00e9compt\u00e9s avec e-guma, par exemple\u2026<\/p>\n<\/div><div class=\"ultp-block-readmore\"><a aria-label=\"D\u00e9compter les bons cadeaux\" href=\"https:\/\/www.e-guma.ch\/fr\/blog\/decompter-les-bons-cadeaux\/\" >En savoir plus<\/a><\/div><\/div><\/div><\/div><div class=\"ultp-block-item post-id-12445\"><div class=\"ultp-block-content-wrap\"><div class=\"ultp-block-entry-content\"><div class=\"ultp-block-entry-heading\"><h2 class=\"ultp-block-title \"><a href=\"https:\/\/www.e-guma.ch\/fr\/blog\/mode-de-test-covid-2g-ou-3g-sur-lappli-ticket-app\/\" >Mode de test Covid 2G ou 3G sur l&rsquo;appli Ticket App<\/a><\/h2><div class=\"ultp-block-meta ultp-block-meta- ultp-block-meta-noIcon\"><span class=\"ultp-block-author\">By<a href=\"https:\/\/www.e-guma.ch\/fr\/blog\/author\/dmeyer\/\">Denise Meyer<\/a><\/span><span class=\"ultp-post-read\">1 min read<\/span><\/div><\/div><div class=\"ultp-block-image ultp-block-image-opacity\"><a href=\"https:\/\/www.e-guma.ch\/fr\/blog\/mode-de-test-covid-2g-ou-3g-sur-lappli-ticket-app\/\" ><img decoding=\"async\"  alt=\"Mode de test Covid 2G ou 3G sur l&rsquo;appli Ticket App\"  src=\"https:\/\/eguma-wordpress.s3.amazonaws.com\/fr\/uploads\/2021\/12\/header_covid_zertifikat_2G.jpg\" \/><\/a><div class=\"ultp-category-img-grid\"><div class=\"ultp-category-grid ultp-category-classic ultp-category-topLeft\"><div class=\"ultp-category-in\"><a class=\"ultp-cat-nouvelles-fonctions\" href=\"https:\/\/www.e-guma.ch\/fr\/blog\/nouvelles-fonctions\"  >Nouvelles fonctions<\/a><a class=\"ultp-cat-systeme-de-billetterie\" href=\"https:\/\/www.e-guma.ch\/fr\/blog\/systeme-de-billetterie\"  >Syst\u00e8me de billetterie<\/a><\/div><\/div><\/div><\/div><\/div><div class=\"ultp-block-content\"><div class=\"ultp-block-excerpt\"><p>Depuis le 20 d\u00e9cembre 2021, le Conseil f\u00e9d\u00e9ral suisse a renforc\u00e9 les mesures pour les \u00e9v\u00e9nements en int\u00e9rieur et limit\u00e9\u2026<\/p>\n<\/div><div class=\"ultp-block-readmore\"><a aria-label=\"Mode de test Covid 2G ou 3G sur l&rsquo;appli Ticket App\" href=\"https:\/\/www.e-guma.ch\/fr\/blog\/mode-de-test-covid-2g-ou-3g-sur-lappli-ticket-app\/\" >En savoir plus<\/a><\/div><\/div><\/div><\/div><\/div><div class=\"ultp-pagination-wrap ultp-pagination-ajax-action\" data-paged=\"1\" data-expost=\"\"  data-blockid=\"f5592b\" data-postid=\"12340\" data-pages=\"1\" data-blockname=\"ultimate-post_post-list-1\" data-selfpostid=\"yes\"><\/div><\/div><\/div><\/div><\/div><\/div>\n<\/div><\/div>\n","protected":false},"excerpt":{"rendered":"","protected":false},"author":4,"featured_media":0,"parent":12163,"menu_order":53,"comment_status":"closed","ping_status":"closed","template":"template-blog-page.php","meta":{"_acf_changed":false,"footnotes":""},"class_list":["post-12340","page","type-page","status-publish","hentry"],"acf":[],"yoast_head":"<!-- This site is optimized with the Yoast SEO plugin v23.2 - https:\/\/yoast.com\/wordpress\/plugins\/seo\/ -->\n<title>Blog - Nouvelles fonctions - e-guma | Syst\u00e8me de bons cadeaux et de billetterie<\/title>\n<meta name=\"robots\" content=\"index, follow, max-snippet:-1, max-image-preview:large, max-video-preview:-1\" \/>\n<link rel=\"canonical\" href=\"https:\/\/www.e-guma.ch\/fr\/blog\/nouvelles-fonctions\/\" \/>\n<meta property=\"og:locale\" content=\"fr_FR\" \/>\n<meta property=\"og:type\" content=\"article\" \/>\n<meta property=\"og:title\" content=\"Blog - Nouvelles fonctions - e-guma | Syst\u00e8me de bons cadeaux et de billetterie\" \/>\n<meta property=\"og:url\" content=\"https:\/\/www.e-guma.ch\/fr\/blog\/nouvelles-fonctions\/\" \/>\n<meta property=\"og:site_name\" content=\"e-guma | Syst\u00e8me de bons cadeaux et de billetterie\" \/>\n<meta property=\"article:modified_time\" content=\"2025-10-23T10:33:10+00:00\" \/>\n<meta property=\"og:image\" content=\"https:\/\/www.e-guma.ch\/fr\/wp-content\/uploads\/2020\/04\/eguma_blog.jpg\" \/>\n<meta name=\"twitter:card\" content=\"summary_large_image\" \/>\n<meta name=\"twitter:label1\" content=\"Dur\u00e9e de lecture estim\u00e9e\" \/>\n\t<meta name=\"twitter:data1\" content=\"1 minute\" \/>\n<script type=\"application\/ld+json\" class=\"yoast-schema-graph\">{\"@context\":\"https:\/\/schema.org\",\"@graph\":[{\"@type\":\"WebPage\",\"@id\":\"https:\/\/www.e-guma.ch\/fr\/blog\/nouvelles-fonctions\/\",\"url\":\"https:\/\/www.e-guma.ch\/fr\/blog\/nouvelles-fonctions\/\",\"name\":\"Blog - Nouvelles fonctions - e-guma | Syst\u00e8me de bons cadeaux et de billetterie\",\"isPartOf\":{\"@id\":\"https:\/\/www.e-guma.ch\/fr\/#website\"},\"primaryImageOfPage\":{\"@id\":\"https:\/\/www.e-guma.ch\/fr\/blog\/nouvelles-fonctions\/#primaryimage\"},\"image\":{\"@id\":\"https:\/\/www.e-guma.ch\/fr\/blog\/nouvelles-fonctions\/#primaryimage\"},\"thumbnailUrl\":\"https:\/\/www.e-guma.ch\/fr\/wp-content\/uploads\/2020\/04\/eguma_blog.jpg\",\"datePublished\":\"2021-11-19T09:29:27+00:00\",\"dateModified\":\"2025-10-23T10:33:10+00:00\",\"breadcrumb\":{\"@id\":\"https:\/\/www.e-guma.ch\/fr\/blog\/nouvelles-fonctions\/#breadcrumb\"},\"inLanguage\":\"fr\",\"potentialAction\":[{\"@type\":\"ReadAction\",\"target\":[\"https:\/\/www.e-guma.ch\/fr\/blog\/nouvelles-fonctions\/\"]}]},{\"@type\":\"ImageObject\",\"inLanguage\":\"fr\",\"@id\":\"https:\/\/www.e-guma.ch\/fr\/blog\/nouvelles-fonctions\/#primaryimage\",\"url\":\"https:\/\/eguma-wordpress.s3.amazonaws.com\/fr\/uploads\/2020\/04\/eguma_blog.jpg\",\"contentUrl\":\"https:\/\/eguma-wordpress.s3.amazonaws.com\/fr\/uploads\/2020\/04\/eguma_blog.jpg\",\"width\":2000,\"height\":947,\"caption\":\"e-guma Header Blog\"},{\"@type\":\"BreadcrumbList\",\"@id\":\"https:\/\/www.e-guma.ch\/fr\/blog\/nouvelles-fonctions\/#breadcrumb\",\"itemListElement\":[{\"@type\":\"ListItem\",\"position\":1,\"name\":\"Home\",\"item\":\"https:\/\/www.e-guma.ch\/fr\/\"},{\"@type\":\"ListItem\",\"position\":2,\"name\":\"Blog\",\"item\":\"https:\/\/www.e-guma.ch\/fr\/blog\/\"},{\"@type\":\"ListItem\",\"position\":3,\"name\":\"Blog &#8211; Nouvelles fonctions\"}]},{\"@type\":\"WebSite\",\"@id\":\"https:\/\/www.e-guma.ch\/fr\/#website\",\"url\":\"https:\/\/www.e-guma.ch\/fr\/\",\"name\":\"e-guma | Syst\u00e8me de bons cadeaux et de billetterie\",\"description\":\"\",\"potentialAction\":[{\"@type\":\"SearchAction\",\"target\":{\"@type\":\"EntryPoint\",\"urlTemplate\":\"https:\/\/www.e-guma.ch\/fr\/?s={search_term_string}\"},\"query-input\":\"required name=search_term_string\"}],\"inLanguage\":\"fr\"}]}<\/script>\n<!-- \/ Yoast SEO plugin. -->","yoast_head_json":{"title":"Blog - Nouvelles fonctions - e-guma | Syst\u00e8me de bons cadeaux et de billetterie","robots":{"index":"index","follow":"follow","max-snippet":"max-snippet:-1","max-image-preview":"max-image-preview:large","max-video-preview":"max-video-preview:-1"},"canonical":"https:\/\/www.e-guma.ch\/fr\/blog\/nouvelles-fonctions\/","og_locale":"fr_FR","og_type":"article","og_title":"Blog - Nouvelles fonctions - e-guma | Syst\u00e8me de bons cadeaux et de billetterie","og_url":"https:\/\/www.e-guma.ch\/fr\/blog\/nouvelles-fonctions\/","og_site_name":"e-guma | Syst\u00e8me de bons cadeaux et de billetterie","article_modified_time":"2025-10-23T10:33:10+00:00","og_image":[{"url":"https:\/\/www.e-guma.ch\/fr\/wp-content\/uploads\/2020\/04\/eguma_blog.jpg"}],"twitter_card":"summary_large_image","twitter_misc":{"Dur\u00e9e de lecture estim\u00e9e":"1 minute"},"schema":{"@context":"https:\/\/schema.org","@graph":[{"@type":"WebPage","@id":"https:\/\/www.e-guma.ch\/fr\/blog\/nouvelles-fonctions\/","url":"https:\/\/www.e-guma.ch\/fr\/blog\/nouvelles-fonctions\/","name":"Blog - Nouvelles fonctions - e-guma | Syst\u00e8me de bons cadeaux et de billetterie","isPartOf":{"@id":"https:\/\/www.e-guma.ch\/fr\/#website"},"primaryImageOfPage":{"@id":"https:\/\/www.e-guma.ch\/fr\/blog\/nouvelles-fonctions\/#primaryimage"},"image":{"@id":"https:\/\/www.e-guma.ch\/fr\/blog\/nouvelles-fonctions\/#primaryimage"},"thumbnailUrl":"https:\/\/www.e-guma.ch\/fr\/wp-content\/uploads\/2020\/04\/eguma_blog.jpg","datePublished":"2021-11-19T09:29:27+00:00","dateModified":"2025-10-23T10:33:10+00:00","breadcrumb":{"@id":"https:\/\/www.e-guma.ch\/fr\/blog\/nouvelles-fonctions\/#breadcrumb"},"inLanguage":"fr","potentialAction":[{"@type":"ReadAction","target":["https:\/\/www.e-guma.ch\/fr\/blog\/nouvelles-fonctions\/"]}]},{"@type":"ImageObject","inLanguage":"fr","@id":"https:\/\/www.e-guma.ch\/fr\/blog\/nouvelles-fonctions\/#primaryimage","url":"https:\/\/eguma-wordpress.s3.amazonaws.com\/fr\/uploads\/2020\/04\/eguma_blog.jpg","contentUrl":"https:\/\/eguma-wordpress.s3.amazonaws.com\/fr\/uploads\/2020\/04\/eguma_blog.jpg","width":2000,"height":947,"caption":"e-guma Header Blog"},{"@type":"BreadcrumbList","@id":"https:\/\/www.e-guma.ch\/fr\/blog\/nouvelles-fonctions\/#breadcrumb","itemListElement":[{"@type":"ListItem","position":1,"name":"Home","item":"https:\/\/www.e-guma.ch\/fr\/"},{"@type":"ListItem","position":2,"name":"Blog","item":"https:\/\/www.e-guma.ch\/fr\/blog\/"},{"@type":"ListItem","position":3,"name":"Blog &#8211; Nouvelles fonctions"}]},{"@type":"WebSite","@id":"https:\/\/www.e-guma.ch\/fr\/#website","url":"https:\/\/www.e-guma.ch\/fr\/","name":"e-guma | Syst\u00e8me de bons cadeaux et de billetterie","description":"","potentialAction":[{"@type":"SearchAction","target":{"@type":"EntryPoint","urlTemplate":"https:\/\/www.e-guma.ch\/fr\/?s={search_term_string}"},"query-input":"required name=search_term_string"}],"inLanguage":"fr"}]}},"_links":{"self":[{"href":"https:\/\/www.e-guma.ch\/fr\/wp-json\/wp\/v2\/pages\/12340","targetHints":{"allow":["GET"]}}],"collection":[{"href":"https:\/\/www.e-guma.ch\/fr\/wp-json\/wp\/v2\/pages"}],"about":[{"href":"https:\/\/www.e-guma.ch\/fr\/wp-json\/wp\/v2\/types\/page"}],"author":[{"embeddable":true,"href":"https:\/\/www.e-guma.ch\/fr\/wp-json\/wp\/v2\/users\/4"}],"replies":[{"embeddable":true,"href":"https:\/\/www.e-guma.ch\/fr\/wp-json\/wp\/v2\/comments?post=12340"}],"version-history":[{"count":15,"href":"https:\/\/www.e-guma.ch\/fr\/wp-json\/wp\/v2\/pages\/12340\/revisions"}],"predecessor-version":[{"id":14588,"href":"https:\/\/www.e-guma.ch\/fr\/wp-json\/wp\/v2\/pages\/12340\/revisions\/14588"}],"up":[{"embeddable":true,"href":"https:\/\/www.e-guma.ch\/fr\/wp-json\/wp\/v2\/pages\/12163"}],"wp:attachment":[{"href":"https:\/\/www.e-guma.ch\/fr\/wp-json\/wp\/v2\/media?parent=12340"}],"curies":[{"name":"wp","href":"https:\/\/api.w.org\/{rel}","templated":true}]}}